{"id":10578,"date":"2025-06-26T18:27:54","date_gmt":"2025-06-26T22:27:54","guid":{"rendered":"https:\/\/www.gwlrealtyadvisors.com\/?page_id=10578"},"modified":"2025-06-26T18:27:54","modified_gmt":"2025-06-26T22:27:54","slug":"nos-histoires","status":"publish","type":"page","link":"https:\/\/www.gwlrealtyadvisors.com\/fr\/durabilite\/nos-histoires\/","title":{"rendered":"Nos histoires"},"content":{"rendered":"<div class=\"wrapper-content\">\r\n\r\n   <h1>Nos histoires<\/h1>\r\n<\/div>\r\n\r\n<div class=\"wrapper-content paddingbottom\">\r\n      <div class=\"postlist postlist--3 featured-news\">\n              <div class=\"report postlist__item \">\n          <a href=\"\/fr\/casestudy\/projet-de-modernisation-des-refroidisseurs-a-recuperation-de-chaleur\/\">\n            <div class=\"postlist__header\">\n              <div class=\"report__title postlist__title\">Vancouver Centre \u2013 Projet de modernisation des refroidisseurs \u00e0 r\u00e9cup\u00e9ration de chale...<\/div>\n              <div class=\"report__date postlist__date\">2025<\/div>\n            <\/div>\n            <div class=\"report__image postlist__image\">\n              <img decoding=\"async\" class=\"\" src=\"\/wp-content\/uploads\/2025\/06\/Heat-Recovery-Chiller-Retrofit-Project-Vancouver-Centre_Hero-1024x683.jpg\" alt=\"\"  \/>\n            <\/div>\n            <p class=\"report__excerpt postlist__excerpt\"> <span class=\"report__more postlist__more\">En lire plus<\/span><\/p>\n          <\/a>\n        <\/div>\n              <div class=\"report postlist__item \">\n          <a href=\"\/fr\/casestudy\/planification-des-interventions-durgence-en-cas-dinondation-pour-les-actifs-a-risque\/\">\n            <div class=\"postlist__header\">\n              <div class=\"report__title postlist__title\">Planification des interventions d\u2019urgence en cas d\u2019inondation pour les actifs \u00e0 risqu...<\/div>\n              <div class=\"report__date postlist__date\">2025<\/div>\n            <\/div>\n            <div class=\"report__image postlist__image\">\n              <img decoding=\"async\" class=\"\" src=\"\/wp-content\/uploads\/2025\/06\/Flood-Emergency-Response-Planning-for-At-Risk-Assets-1024x548.jpg\" alt=\"\"  \/>\n            <\/div>\n            <p class=\"report__excerpt postlist__excerpt\"> <span class=\"report__more postlist__more\">En lire plus<\/span><\/p>\n          <\/a>\n        <\/div>\n              <div class=\"report postlist__item \">\n          <a href=\"\/fr\/casestudy\/certification-en-matiere-daccessibilite-de-la-fondation-rick-hansen\/\">\n            <div class=\"postlist__header\">\n              <div class=\"report__title postlist__title\">Certification en mati\u00e8re d\u2019accessibilit\u00e9 de la Fondation Rick Hansen<\/div>\n              <div class=\"report__date postlist__date\">2025<\/div>\n            <\/div>\n            <div class=\"report__image postlist__image\">\n              <img decoding=\"async\" class=\"\" src=\"\/wp-content\/uploads\/2025\/06\/Rick-Hansen-Foundation-Accessibility-Certification-1024x622.jpg\" alt=\"\"  \/>\n            <\/div>\n            <p class=\"report__excerpt postlist__excerpt\"> <span class=\"report__more postlist__more\">En lire plus<\/span><\/p>\n          <\/a>\n        <\/div>\n              <div class=\"report postlist__item \">\n          <a href=\"\/fr\/casestudy\/840-howe\/\">\n            <div class=\"postlist__header\">\n              <div class=\"report__title postlist__title\">840 Howe<\/div>\n              <div class=\"report__date postlist__date\">2025<\/div>\n            <\/div>\n            <div class=\"report__image postlist__image\">\n              <img decoding=\"async\" class=\"\" src=\"\/wp-content\/uploads\/2025\/06\/840-Howe-1024x683.jpg\" alt=\"\"  \/>\n            <\/div>\n            <p class=\"report__excerpt postlist__excerpt\"> <span class=\"report__more postlist__more\">En lire plus<\/span><\/p>\n          <\/a>\n        <\/div>\n              <div class=\"report postlist__item \">\n          <a href=\"\/fr\/casestudy\/resilience-climatique\/\">\n            <div class=\"postlist__header\">\n              <div class=\"report__title postlist__title\">R\u00e9silience climatique<\/div>\n              <div class=\"report__date postlist__date\">2024<\/div>\n            <\/div>\n            <div class=\"report__image postlist__image\">\n              <img decoding=\"async\" class=\"\" src=\"\/wp-content\/uploads\/2024\/05\/Climate-Resiliency-1024x684.jpg\" alt=\"\"  \/>\n            <\/div>\n            <p class=\"report__excerpt postlist__excerpt\"> <span class=\"report__more postlist__more\">En lire plus<\/span><\/p>\n          <\/a>\n        <\/div>\n              <div class=\"report postlist__item \">\n          <a href=\"\/fr\/casestudy\/economies-denergie\/\">\n            <div class=\"postlist__header\">\n              <div class=\"report__title postlist__title\">Fifth & Fifth \u2013 \u00c9conomies d\u2019\u00e9nergie<\/div>\n              <div class=\"report__date postlist__date\">2024<\/div>\n            <\/div>\n            <div class=\"report__image postlist__image\">\n              <img decoding=\"async\" class=\"\" src=\"\/wp-content\/uploads\/2024\/05\/Fifth-Fifth-1024x683.jpg\" alt=\"\"  \/>\n            <\/div>\n            <p class=\"report__excerpt postlist__excerpt\"> <span class=\"report__more postlist__more\">En lire plus<\/span><\/p>\n          <\/a>\n        <\/div>\n              <div class=\"report postlist__item tall\">\n          <a href=\"\/fr\/casestudy\/le-siege-social-de-la-canada-vie-est-un-immeuble-certifie-boma-best-platine\/\">\n            <div class=\"postlist__header\">\n              <div class=\"report__title postlist__title\">Si\u00e8ge social de la Canada Vie \u2013 Immeuble certifi\u00e9 BOMA BEST Platine<\/div>\n              <div class=\"report__date postlist__date\">2024<\/div>\n            <\/div>\n            <div class=\"report__image postlist__image\">\n              <img decoding=\"async\" class=\"tall\" src=\"\/wp-content\/uploads\/2024\/05\/clho@2x.jpg\" alt=\"\"  \/>\n            <\/div>\n            <p class=\"report__excerpt postlist__excerpt\"> <span class=\"report__more postlist__more\">En lire plus<\/span><\/p>\n          <\/a>\n        <\/div>\n              <div class=\"report postlist__item tall\">\n          <a href=\"\/fr\/casestudy\/conseillers-immobiliers-gwl-integre-activement-des-considerations-sur-la-durabilite-a-ses-placements-immobiliers\/\">\n            <div class=\"postlist__header\">\n              <div class=\"report__title postlist__title\">The Livmore \u2013 Conseillers immobiliers GWL int\u00e8gre activement des consid\u00e9rations sur la...<\/div>\n              <div class=\"report__date postlist__date\">2024<\/div>\n            <\/div>\n            <div class=\"report__image postlist__image\">\n              <img decoding=\"async\" class=\"tall\" src=\"\/wp-content\/uploads\/2024\/05\/livmore@2x.jpg\" alt=\"\"  \/>\n            <\/div>\n            <p class=\"report__excerpt postlist__excerpt\"> <span class=\"report__more postlist__more\">En lire plus<\/span><\/p>\n          <\/a>\n        <\/div>\n              <div class=\"report postlist__item \">\n          <a href=\"\/fr\/casestudy\/vancouver-centre-est-une-tour-de-grande-hauteur-certifiee-boma-best-argent\/\">\n            <div class=\"postlist__header\">\n              <div class=\"report__title postlist__title\">Vancouver Centre \u2013 Vancouver Centre est une tour de grande hauteur certifi\u00e9e BOMA BEST?...<\/div>\n              <div class=\"report__date postlist__date\">2024<\/div>\n            <\/div>\n            <div class=\"report__image postlist__image\">\n              <img decoding=\"async\" class=\"\" src=\"\/wp-content\/uploads\/2024\/05\/vc@2x.jpg\" alt=\"\"  \/>\n            <\/div>\n            <p class=\"report__excerpt postlist__excerpt\"> <span class=\"report__more postlist__more\">En lire plus<\/span><\/p>\n          <\/a>\n        <\/div>\n              <div class=\"report postlist__item \">\n          <a href=\"\/fr\/casestudy\/se-preparer-a-atteindre-zero-emission-nette-de-carbone\/\">\n            <div class=\"postlist__header\">\n              <div class=\"report__title postlist__title\">840 Howe Street \u2013 Se pr\u00e9parer \u00e0 atteindre z\u00e9ro \u00e9mission nette de carbone<\/div>\n              <div class=\"report__date postlist__date\">2024<\/div>\n            <\/div>\n            <div class=\"report__image postlist__image\">\n              <img decoding=\"async\" class=\"\" src=\"\/wp-content\/uploads\/2024\/05\/840-Howe-Street-1024x683.jpg\" alt=\"\"  \/>\n            <\/div>\n            <p class=\"report__excerpt postlist__excerpt\"> <span class=\"report__more postlist__more\">En lire plus<\/span><\/p>\n          <\/a>\n        <\/div>\n              <div class=\"report postlist__item \">\n          <a href=\"\/fr\/casestudy\/jardins-urbains\/\">\n            <div class=\"postlist__header\">\n              <div class=\"report__title postlist__title\">Jardins Urbains<\/div>\n              <div class=\"report__date postlist__date\">2024<\/div>\n            <\/div>\n            <div class=\"report__image postlist__image\">\n              <img decoding=\"async\" class=\"\" src=\"\/wp-content\/uploads\/2024\/05\/Micro_Habitats_33_Yonge-1-1024x682.jpg\" alt=\"\"  \/>\n            <\/div>\n            <p class=\"report__excerpt postlist__excerpt\"> <span class=\"report__more postlist__more\">En lire plus<\/span><\/p>\n          <\/a>\n        <\/div>\n              <div class=\"report postlist__item \">\n          <a href=\"\/fr\/casestudy\/reduction-des-dechets-electroniques-dans-la-region-du-grand-toronto\/\">\n            <div class=\"postlist__header\">\n              <div class=\"report__title postlist__title\">R\u00e9duction des d\u00e9chets \u00e9lectroniques dans la r\u00e9gion du grand Toronto<\/div>\n              <div class=\"report__date postlist__date\">2024<\/div>\n            <\/div>\n            <div class=\"report__image postlist__image\">\n              <img decoding=\"async\" class=\"\" src=\"\/wp-content\/uploads\/2024\/05\/case-Reducing-e-waste-in-the-GTA-1024x667.jpg\" alt=\"\"  \/>\n            <\/div>\n            <p class=\"report__excerpt postlist__excerpt\"> <span class=\"report__more postlist__more\">En lire plus<\/span><\/p>\n          <\/a>\n        <\/div>\n              <div class=\"report postlist__item \">\n          <a href=\"\/fr\/casestudy\/conseillers-immobilier-residentiels-gwl-favorise-lefficacite-energetique-grace-a-de-nouvelles-technologies\/\">\n            <div class=\"postlist__header\">\n              <div class=\"report__title postlist__title\">50 Prince Arthur \u2013 Conseillers immobilier r\u00e9sidentiels GWL favorise l\u2019efficacit\u00e9 \u00e9n...<\/div>\n              <div class=\"report__date postlist__date\">2024<\/div>\n            <\/div>\n            <div class=\"report__image postlist__image\">\n              <img decoding=\"async\" class=\"\" src=\"\/wp-content\/uploads\/2024\/05\/case-50-Prince-Arthur-Exterior.jpg\" alt=\"\"  \/>\n            <\/div>\n            <p class=\"report__excerpt postlist__excerpt\"> <span class=\"report__more postlist__more\">En lire plus<\/span><\/p>\n          <\/a>\n        <\/div>\n              <div class=\"report postlist__item \">\n          <a href=\"\/fr\/casestudy\/le-siege-social-de-la-canada-vie-reduit-ses-emissions-de-gaz-a-effet-de-serre-de-maniere-importante\/\">\n            <div class=\"postlist__header\">\n              <div class=\"report__title postlist__title\">60-100 Osborne N. \u2013 Le si\u00e8ge social de la Canada Vie r\u00e9duit ses \u00e9missions de gaz \u00e0 e...<\/div>\n              <div class=\"report__date postlist__date\">2024<\/div>\n            <\/div>\n            <div class=\"report__image postlist__image\">\n              <img decoding=\"async\" class=\"\" src=\"\/wp-content\/uploads\/2024\/05\/case-canada-life-1024x683.jpg\" alt=\"\"  \/>\n            <\/div>\n            <p class=\"report__excerpt postlist__excerpt\"> <span class=\"report__more postlist__more\">En lire plus<\/span><\/p>\n          <\/a>\n        <\/div>\n      \n              <div class=\"report postlist__item\"><\/div>\n          <\/div>\n  \r\n\r\n<\/div>\r\n","protected":false},"excerpt":{"rendered":"Nos histoires","protected":false},"author":1,"featured_media":0,"parent":2468,"menu_order":0,"comment_status":"closed","ping_status":"closed","template":"","meta":{"_acf_changed":false,"footnotes":""},"class_list":["post-10578","page","type-page","status-publish","hentry"],"acf":[],"_links":{"self":[{"href":"https:\/\/www.gwlrealtyadvisors.com\/fr\/wp-json\/wp\/v2\/pages\/10578","targetHints":{"allow":["GET"]}}],"collection":[{"href":"https:\/\/www.gwlrealtyadvisors.com\/fr\/wp-json\/wp\/v2\/pages"}],"about":[{"href":"https:\/\/www.gwlrealtyadvisors.com\/fr\/wp-json\/wp\/v2\/types\/page"}],"author":[{"embeddable":true,"href":"https:\/\/www.gwlrealtyadvisors.com\/fr\/wp-json\/wp\/v2\/users\/1"}],"replies":[{"embeddable":true,"href":"https:\/\/www.gwlrealtyadvisors.com\/fr\/wp-json\/wp\/v2\/comments?post=10578"}],"version-history":[{"count":1,"href":"https:\/\/www.gwlrealtyadvisors.com\/fr\/wp-json\/wp\/v2\/pages\/10578\/revisions"}],"predecessor-version":[{"id":10579,"href":"https:\/\/www.gwlrealtyadvisors.com\/fr\/wp-json\/wp\/v2\/pages\/10578\/revisions\/10579"}],"up":[{"embeddable":true,"href":"https:\/\/www.gwlrealtyadvisors.com\/fr\/wp-json\/wp\/v2\/pages\/2468"}],"wp:attachment":[{"href":"https:\/\/www.gwlrealtyadvisors.com\/fr\/wp-json\/wp\/v2\/media?parent=10578"}],"curies":[{"name":"wp","href":"https:\/\/api.w.org\/{rel}","templated":true}]}}