{"id":2434,"date":"2019-04-29T12:41:03","date_gmt":"2019-04-29T16:41:03","guid":{"rendered":"https:\/\/www.gwlrealtyadvisors.com\/?page_id=2434"},"modified":"2024-11-07T15:00:05","modified_gmt":"2024-11-07T20:00:05","slug":"haute-direction","status":"publish","type":"page","link":"https:\/\/www.gwlrealtyadvisors.com\/fr\/a-propos-de-nous\/haute-direction\/","title":{"rendered":"Haute direction"},"content":{"rendered":"<div class=\"wrapper-content paddingbottom\">    <div class=\"leadership\">\n              <div class=\"leadership__item\">\n          <div class=\"profile\">\n            <div class=\"profile__image\">\n              <img decoding=\"async\" src=\"\/wp-content\/uploads\/2022\/10\/glenn-way.jpg\" alt=\"Glenn Way\">\n            <\/div>\n            <div class=\"profile__content\">\n\n              <div class=\"profile__name\">\n                <h2>\n                  Glenn Way                <\/h2>\n              <\/div>\n\n              <div class=\"profile__title\">Pr\u00e9sident<\/div>\n              \n            <\/div>\n            <div class=\"profile__more\">\n              <a href=\"\/fr\/profile\/glenn-way\/\" aria-label=\"En lire plus Glenn Way\">\n                <span class=\"btn btn--blue\">En lire plus<\/span>\n\n              <\/a>\n            <\/div>\n          <\/div>\n        <\/div>\n              <div class=\"leadership__item\">\n          <div class=\"profile\">\n            <div class=\"profile__image\">\n              <img decoding=\"async\" src=\"\/wp-content\/uploads\/2023\/11\/Michael-Bansil-1024x1024.jpg\" alt=\"Michael Bansil\">\n            <\/div>\n            <div class=\"profile__content\">\n\n              <div class=\"profile__name\">\n                <h2>\n                  Michael Bansil                <\/h2>\n              <\/div>\n\n              <div class=\"profile__title\">Vice-pr\u00e9sident principal, Excellence et innovation en affaires<\/div>\n              \n            <\/div>\n            <div class=\"profile__more\">\n              <a href=\"\/fr\/profile\/michael-bansil\/\" aria-label=\"En lire plus Michael Bansil\">\n                <span class=\"btn btn--blue\">En lire plus<\/span>\n\n              <\/a>\n            <\/div>\n          <\/div>\n        <\/div>\n              <div class=\"leadership__item\">\n          <div class=\"profile\">\n            <div class=\"profile__image\">\n              <img decoding=\"async\" src=\"\/wp-content\/uploads\/2022\/10\/Jeff-Fleming-4.jpg\" alt=\"Jeff Fleming\">\n            <\/div>\n            <div class=\"profile__content\">\n\n              <div class=\"profile__name\">\n                <h2>\n                  Jeff Fleming                <\/h2>\n              <\/div>\n\n              <div class=\"profile__title\">Vice-pr\u00e9sident ex\u00e9cutif, investissements et am\u00e9nagement<\/div>\n              \n            <\/div>\n            <div class=\"profile__more\">\n              <a href=\"\/fr\/profile\/jeff-fleming\/\" aria-label=\"En lire plus Jeff Fleming\">\n                <span class=\"btn btn--blue\">En lire plus<\/span>\n\n              <\/a>\n            <\/div>\n          <\/div>\n        <\/div>\n              <div class=\"leadership__item\">\n          <div class=\"profile\">\n            <div class=\"profile__image\">\n              <img decoding=\"async\" src=\"\/wp-content\/uploads\/2018\/12\/Exec_Photos_0008_Steven-Marino.jpg\" alt=\"Steven Marino\">\n            <\/div>\n            <div class=\"profile__content\">\n\n              <div class=\"profile__name\">\n                <h2>\n                  Steven Marino                <\/h2>\n              <\/div>\n\n              <div class=\"profile__title\">Vice-pr\u00e9sident ex\u00e9cutif, gestion de portefeuille<\/div>\n              \n            <\/div>\n            <div class=\"profile__more\">\n              <a href=\"\/fr\/profile\/steven-marino\/\" aria-label=\"En lire plus Steven Marino\">\n                <span class=\"btn btn--blue\">En lire plus<\/span>\n\n              <\/a>\n            <\/div>\n          <\/div>\n        <\/div>\n              <div class=\"leadership__item\">\n          <div class=\"profile\">\n            <div class=\"profile__image\">\n              <img decoding=\"async\" src=\"\/wp-content\/uploads\/2023\/10\/erica-penrose-1024x1024.jpg\" alt=\"Erica Penrose\">\n            <\/div>\n            <div class=\"profile__content\">\n\n              <div class=\"profile__name\">\n                <h2>\n                  Erica Penrose                <\/h2>\n              <\/div>\n\n              <div class=\"profile__title\">Vice-pr\u00e9sidente principale, Immeubles r\u00e9sidentiels \u00e0 logements multiples<\/div>\n              \n            <\/div>\n            <div class=\"profile__more\">\n              <a href=\"\/fr\/profile\/erica-penrose\/\" aria-label=\"En lire plus Erica Penrose\">\n                <span class=\"btn btn--blue\">En lire plus<\/span>\n\n              <\/a>\n            <\/div>\n          <\/div>\n        <\/div>\n              <div class=\"leadership__item\">\n          <div class=\"profile\">\n            <div class=\"profile__image\">\n              <img decoding=\"async\" src=\"\/wp-content\/uploads\/2023\/10\/steffan-smith-1024x1024.jpg\" alt=\"Steffan Smith\">\n            <\/div>\n            <div class=\"profile__content\">\n\n              <div class=\"profile__name\">\n                <h2>\n                  Steffan Smith                <\/h2>\n              <\/div>\n\n              <div class=\"profile__title\">Vice-pr\u00e9sident ex\u00e9cutif, Gestion des biens immobiliers<\/div>\n              \n            <\/div>\n            <div class=\"profile__more\">\n              <a href=\"\/fr\/profile\/steffan-smith\/\" aria-label=\"En lire plus Steffan Smith\">\n                <span class=\"btn btn--blue\">En lire plus<\/span>\n\n              <\/a>\n            <\/div>\n          <\/div>\n        <\/div>\n              <div class=\"leadership__item\">\n          <div class=\"profile\">\n            <div class=\"profile__image\">\n              <img decoding=\"async\" src=\"\/wp-content\/uploads\/2024\/11\/Weland_Tracy_015-2-1024x1024.jpg\" alt=\"Tracy Weland\">\n            <\/div>\n            <div class=\"profile__content\">\n\n              <div class=\"profile__name\">\n                <h2>\n                  Tracy Weland                <\/h2>\n              <\/div>\n\n              <div class=\"profile__title\">Vice-pr\u00e9sidente, Ressources humaines<\/div>\n              \n            <\/div>\n            <div class=\"profile__more\">\n              <a href=\"\/fr\/profile\/tracy-weland\/\" aria-label=\"En lire plus Tracy Weland\">\n                <span class=\"btn btn--blue\">En lire plus<\/span>\n\n              <\/a>\n            <\/div>\n          <\/div>\n        <\/div>\n                <\/div>\n\n<\/div>","protected":false},"excerpt":{"rendered":"","protected":false},"author":1,"featured_media":0,"parent":2428,"menu_order":3,"comment_status":"closed","ping_status":"closed","template":"page-template\/leadership.php","meta":{"_acf_changed":false,"footnotes":""},"class_list":["post-2434","page","type-page","status-publish","hentry"],"acf":[],"_links":{"self":[{"href":"https:\/\/www.gwlrealtyadvisors.com\/fr\/wp-json\/wp\/v2\/pages\/2434","targetHints":{"allow":["GET"]}}],"collection":[{"href":"https:\/\/www.gwlrealtyadvisors.com\/fr\/wp-json\/wp\/v2\/pages"}],"about":[{"href":"https:\/\/www.gwlrealtyadvisors.com\/fr\/wp-json\/wp\/v2\/types\/page"}],"author":[{"embeddable":true,"href":"https:\/\/www.gwlrealtyadvisors.com\/fr\/wp-json\/wp\/v2\/users\/1"}],"replies":[{"embeddable":true,"href":"https:\/\/www.gwlrealtyadvisors.com\/fr\/wp-json\/wp\/v2\/comments?post=2434"}],"version-history":[{"count":23,"href":"https:\/\/www.gwlrealtyadvisors.com\/fr\/wp-json\/wp\/v2\/pages\/2434\/revisions"}],"predecessor-version":[{"id":9374,"href":"https:\/\/www.gwlrealtyadvisors.com\/fr\/wp-json\/wp\/v2\/pages\/2434\/revisions\/9374"}],"up":[{"embeddable":true,"href":"https:\/\/www.gwlrealtyadvisors.com\/fr\/wp-json\/wp\/v2\/pages\/2428"}],"wp:attachment":[{"href":"https:\/\/www.gwlrealtyadvisors.com\/fr\/wp-json\/wp\/v2\/media?parent=2434"}],"curies":[{"name":"wp","href":"https:\/\/api.w.org\/{rel}","templated":true}]}}