{"id":2438,"date":"2019-04-29T12:41:39","date_gmt":"2019-04-29T16:41:39","guid":{"rendered":"https:\/\/www.gwlrealtyadvisors.com\/?page_id=2438"},"modified":"2025-05-14T16:04:46","modified_gmt":"2025-05-14T20:04:46","slug":"strategie-et-valeurs","status":"publish","type":"page","link":"https:\/\/www.gwlrealtyadvisors.com\/fr\/a-propos-de-nous\/strategie-et-valeurs\/","title":{"rendered":"Strat\u00e9gie et valeurs"},"content":{"rendered":"<div class=\"wrapper-content\">\r\n\r\n   <h2>Notre objectif<\/h2>\r\n   <div class=\"bigheading effect-fadein\">\r\n   \r\n      <div class=\"introtext\">\r\n         <p>Nous croyons en la cr\u00e9ation de valeur par la construction de communaut\u00e9s durables qui interpellent, stimulent et inspirent.<\/p>\r\n      <\/div>\r\n   <\/div>\r\n<\/div>\r\n<div class=\"wrapper paddingtop effect-fadein\">\r\n   <img decoding=\"async\" src=\"\/wp-content\/themes\/worksdesign\/img\/2024\/about\/full-image-2.jpg\" alt=\"\" class=\"size-large effect-fadein\">\r\n<\/div>\r\n\r\n<div class=\"wrapper-content paddingtop effect-fadein\">\r\n   <h2>Nos valeurs<\/h2>\r\n   <p>Notre personnel exprime nos valeurs par le travail qu\u2019il accomplit et par les r\u00e9sultats atteints.<\/p>\r\n\r\n   <div class=\"three paddingtop--small\">\r\n      <div class=\"three__item\">\r\n         <div class=\"bigheading\">\r\n            <h3>Nous tenons parole<\/h3>\r\n         <\/div>\r\n         <p>\r\n            Nous croyons que l\u2019int\u00e9grit\u00e9 est au c\u0153ur de tout ce que nous faisons. Nous sommes responsables de nos actions. Nous respectons nos engagements.\r\n         <\/p>\r\n      <\/div>\r\n      <div class=\"three__item\">\r\n         <div class=\"bigheading\">\r\n            <h3>Nous travaillons mieux ensemble<\/h3>\r\n         <\/div>\r\n         <p>\r\n            Nous nous soutenons les uns les autres et nous aidons nos collectivit\u00e9s. Nous grandissons gr\u00e2ce \u00e0 la collaboration et au partage de nos connaissances. Nous nous mettons au d\u00e9fi de donner le meilleur de nous-m\u00eames.\r\n         <\/p>\r\n      <\/div>\r\n      <div class=\"three__item\">\r\n         <div class=\"bigheading\">\r\n            <h3>Nous respectons la diversit\u00e9<\/h3>\r\n         <\/div>\r\n         <p>\r\n            Nous croyons que nos diff\u00e9rences nous rendent plus forts. Nous croyons que les bonnes id\u00e9es peuvent provenir de partout. Nous sommes curieux et ouverts aux possibilit\u00e9s.\r\n         <\/p>\r\n      <\/div>\r\n   <\/div>\r\n<\/div>\r\n\r\n<div class=\"wrapper-content paddingtop\">\r\n   <div class=\"careerhero effect-fadein\">\r\n\r\n      <div class=\"careerhero__bg\" style=\"background-image:url('\/wp-content\/themes\/worksdesign\/img\/2024\/about\/video-strategy-thumb.jpg');\">\r\n\r\n         <div class=\"wrapper-content\">\r\n            <a href=\"https:\/\/www.youtube.com\/embed\/yx_XrJd6nWo?autoplay=1\" title=\"Lire la vid\u00e9o Nos valeurs\" class=\"js-overlay-open js-hash-video-play external-url careerhero__link\" data-overlay-type=\"youtube\" target=\"_blank\" rel=\"noopener\">\r\n               <div class=\"careerhero__flex effect-slidein\">\r\n                  <div class=\"careerhero__heading\">\r\n                     Voyez comment nos valeurs changent les choses\r\n                  <\/div>\r\n                  <div class=\"careerhero__play\">\r\n\r\n                     <span class=\"play-btn\">\r\n                        <span class=\"play-btn__icon\"><\/span>\r\n                        <span class=\"play-btn__label\">Voir la vid\u00e9o<\/span>\r\n                     <\/span>\r\n\r\n                  <\/div>\r\n               <\/div>\r\n            <\/a>\r\n         <\/div>\r\n\r\n\r\n\r\n      <\/div>\r\n\r\n   <\/div>\r\n<\/div>\r\n\r\n<div class=\"wrapper-content paddingtop paddingbottom\">\r\n   <div class=\"strategy-graph effect-fadein\">\r\n\r\n      <div class=\"strategy-graph__middle strategy-graph__downarrow\">\r\n         <h2>Objectifs strat\u00e9giques d\u2019affaires <\/h2>\r\n         <div class=\"strategy-graph__boxes\">\r\n            <div class=\"strategy-graph__box\">\r\n               <h3>Relations<\/h3>\r\n               <p>\u00c9tendre notre offre de services et am\u00e9liorer les relations avec nos clients.<\/p>\r\n            <\/div>\r\n            <div class=\"strategy-graph__box\">\r\n               <h3>Rendement<\/h3>\r\n               <p>Augmenter les revenus nets d\u2019exploitation et accro\u00eetre l\u2019efficacit\u00e9 op\u00e9rationnelle.<\/p>\r\n            <\/div>\r\n            <div class=\"strategy-graph__box\">\r\n               <h3>Croissance<\/h3>\r\n               <p>Accro\u00eetre les actifs g\u00e9r\u00e9s, trouver de nouveaux investisseurs et remplir le mandat de nos clients.<\/p>\r\n            <\/div>\r\n            <div class=\"strategy-graph__box\">\r\n               <h3>R\u00e9putation<\/h3>\r\n               <p>Renforcer notre position en tant que chef de file reconnu et employeur de choix au sein du secteur de l\u2019immobilier au Canada.<\/p>\r\n            <\/div>\r\n         <\/div>\r\n\r\n      <\/div>\r\n<a name=\"priorites-strategiques\" class=\"anchor\"><\/a>\r\n      <div class=\"strategy-graph__bottom\">\r\n         <h2>Priorit\u00e9s strat\u00e9giques<\/h2>\r\n         <div class=\"strategy-graph__boxes\">\r\n            <div class=\"strategy-graph__box\">\r\n               <h3>Offrir des rendements solides \u00e0 long terme<\/h3>\r\n               <p>R\u00e9aliser des rendements solides et concr\u00e9tiser les objectifs de diversification de nos clients, en prenant en compte les facteurs financiers, environnementaux, sociaux et de gouvernance dans le processus d\u2019investissement, de gestion d\u2019actifs et d\u2019am\u00e9nagement.<\/p>\r\n            <\/div>\r\n            <div class=\"strategy-graph__box\">\r\n               <h3>Atteindre l\u2019excellence du rendement<\/h3>\r\n               <p>Fournir un service exceptionnel, proactif et personnalis\u00e9 \u00e0 nos locataires et r\u00e9sidents, en g\u00e9rant les propri\u00e9t\u00e9s de la mani\u00e8re la plus novatrice et efficace qui soit afin d\u2019arriver \u00e0 des co\u00fbts de fonctionnement pr\u00e9visibles et concurrentiels.<\/p>\r\n            <\/div>\r\n            <div class=\"strategy-graph__box\">\r\n               <h3>Minimiser notre empreinte sur l\u2019environnement<\/h3>\r\n               <p>D\u00e9gager des \u00e9conomies de co\u00fbts et am\u00e9liorer la performance en mati\u00e8re de durabilit\u00e9 des b\u00e2timents que nous g\u00e9rons, tout en collaborant avec les fournisseurs de services afin de favoriser des activit\u00e9s, produits et services respectueux de l\u2019environnement.<\/p>\r\n            <\/div>\r\n            <div class=\"strategy-graph__box\">\r\n               <h3>Attirer et conserver les meilleurs talents<\/h3>\r\n               <p>Favoriser une culture enrichissante, afin d\u2019attirer et de d\u00e9velopper les plus grands talents, o\u00f9 les gens se sentent motiv\u00e9s et en position de cro\u00eetre tant sur le plan personnel que professionnel.<\/p>\r\n            <\/div>\r\n            <div class=\"strategy-graph__box\">\r\n               <h3>Contribuer au d\u00e9veloppement de collectivit\u00e9s plus fortes et viables<\/h3>\r\n               <p>Favoriser le progr\u00e8s socio\u00e9conomique positif dans les collectivit\u00e9s o\u00f9 nous vivons et travaillons.<\/p>\r\n            <\/div>\r\n            <div class=\"strategy-graph__box\">\r\n               <h3>Exercer nos activit\u00e9s avec int\u00e9grit\u00e9 et confiance<\/h3>\r\n               <p>Mener nos affaires avec honn\u00eatet\u00e9, int\u00e9grit\u00e9 et \u00e9quit\u00e9, renforcer la confiance de nos clients. <\/p>\r\n            <\/div>\r\n         <\/div>\r\n      <\/div>\r\n\r\n   <\/div>\r\n<\/div>","protected":false},"excerpt":{"rendered":"Notre objectif Nous croyons en la cr\u00e9ation de valeur par la construction de communaut\u00e9s durables qui interpellent, stimulent et inspirent. Nos valeurs Notre personnel exprime nos valeurs par le travail qu\u2019il accomplit et par les r\u00e9sultats atteints. Nous tenons parole Nous croyons que l\u2019int\u00e9grit\u00e9 est au c\u0153ur de tout ce que nous faisons. Nous sommes [&hellip;]","protected":false},"author":1,"featured_media":0,"parent":2428,"menu_order":5,"comment_status":"closed","ping_status":"closed","template":"page-template\/page-with-hero.php","meta":{"_acf_changed":false,"footnotes":""},"class_list":["post-2438","page","type-page","status-publish","hentry"],"acf":[],"_links":{"self":[{"href":"https:\/\/www.gwlrealtyadvisors.com\/fr\/wp-json\/wp\/v2\/pages\/2438","targetHints":{"allow":["GET"]}}],"collection":[{"href":"https:\/\/www.gwlrealtyadvisors.com\/fr\/wp-json\/wp\/v2\/pages"}],"about":[{"href":"https:\/\/www.gwlrealtyadvisors.com\/fr\/wp-json\/wp\/v2\/types\/page"}],"author":[{"embeddable":true,"href":"https:\/\/www.gwlrealtyadvisors.com\/fr\/wp-json\/wp\/v2\/users\/1"}],"replies":[{"embeddable":true,"href":"https:\/\/www.gwlrealtyadvisors.com\/fr\/wp-json\/wp\/v2\/comments?post=2438"}],"version-history":[{"count":26,"href":"https:\/\/www.gwlrealtyadvisors.com\/fr\/wp-json\/wp\/v2\/pages\/2438\/revisions"}],"predecessor-version":[{"id":10003,"href":"https:\/\/www.gwlrealtyadvisors.com\/fr\/wp-json\/wp\/v2\/pages\/2438\/revisions\/10003"}],"up":[{"embeddable":true,"href":"https:\/\/www.gwlrealtyadvisors.com\/fr\/wp-json\/wp\/v2\/pages\/2428"}],"wp:attachment":[{"href":"https:\/\/www.gwlrealtyadvisors.com\/fr\/wp-json\/wp\/v2\/media?parent=2438"}],"curies":[{"name":"wp","href":"https:\/\/api.w.org\/{rel}","templated":true}]}}