{"id":2444,"date":"2019-04-29T12:42:49","date_gmt":"2019-04-29T16:42:49","guid":{"rendered":"https:\/\/www.gwlrealtyadvisors.com\/?page_id=2444"},"modified":"2025-12-15T09:30:00","modified_gmt":"2025-12-15T14:30:00","slug":"portefeuilles","status":"publish","type":"page","link":"https:\/\/www.gwlrealtyadvisors.com\/fr\/portefeuilles\/","title":{"rendered":"Portefeuilles"},"content":{"rendered":"<div class=\"wrapper-content\">\r\n   <div class=\"expandslider js-expandslider effect-fadein\">\r\n      <div class=\"expandslider__images\">\r\n\r\n\r\n         <div class=\"expandslider__image expandslider__image--active\">\r\n            <img decoding=\"async\" src=\"\/wp-content\/uploads\/2024\/01\/investment.jpg\" alt=\"\">\r\n\r\n         <\/div>\r\n         <div class=\"expandslider__image expandslider__image--hidden\">\r\n            <img decoding=\"async\" src=\"\/wp-content\/uploads\/2024\/01\/development-hero.jpg\" alt=\"\">\r\n         <\/div>\r\n         <div class=\"expandslider__image expandslider__image--hidden\">\r\n            <img decoding=\"async\" src=\"\/wp-content\/uploads\/2024\/01\/asset-management.jpg\" alt=\"\">\r\n         <\/div>\r\n         <div class=\"expandslider__image expandslider__image--hidden\">\r\n            <img decoding=\"async\" src=\"\/wp-content\/uploads\/2024\/01\/tenant-services.jpg\" alt=\"\">\r\n         <\/div>\r\n\r\n\r\n      <\/div>\r\n\r\n      <div class=\"expandslider__infos\">\r\n         <div class=\"wrapper-content\">\r\n            <div class=\"expandslider__info expandslider__info--active\" aria-hidden=\"false\">\r\n               <a class=\"expandslider__info__flex\" href=\"\/fr\/portefeuilles\/investissements\/\">\r\n                  <div class=\"expandslider__info__left expandslider__info__left--full\">\r\n\r\n                     <h2>Investissements<\/h2>\r\n                     <div class=\"expanderslider__btn\">\r\n                        <span class=\"btn btn--blue\">En lire plus<\/span>\r\n                     <\/div>\r\n\r\n                  <\/div>\r\n\r\n\r\n               <\/a>\r\n            <\/div>\r\n            <div class=\"expandslider__info expandslider__info--hidden\" aria-hidden=\"true\">\r\n               <a class=\"expandslider__info__flex\" href=\"\/fr\/portefeuilles\/amenagement\/\">\r\n                  <div class=\"expandslider__info__left expandslider__info__left--full\">\r\n\r\n                     <h2>Am\u00e9nagement<\/h2>\r\n                     <div class=\"expanderslider__btn\">\r\n                        <span class=\"btn btn--blue\">En lire plus<\/span>\r\n                     <\/div>\r\n\r\n                  <\/div>\r\n\r\n\r\n               <\/a>\r\n            <\/div>\r\n\r\n            <div class=\"expandslider__info expandslider__info--hidden\" aria-hidden=\"true\">\r\n               <a class=\"expandslider__info__flex\" href=\"\/fr\/portefeuilles\/gestion-dactifs-et-location\/\">\r\n                  <div class=\"expandslider__info__left expandslider__info__left--full\">\r\n                     <h2>Gestion d\u2019actifs et location<\/h2>\r\n                     <div class=\"expanderslider__btn\">\r\n                        <span class=\"btn btn--blue\">En lire plus<\/span>\r\n                     <\/div>\r\n                  <\/div>\r\n\r\n               <\/a>\r\n            <\/div>\r\n            <div class=\"expandslider__info expandslider__info--hidden\" aria-hidden=\"true\">\r\n               <a class=\"expandslider__info__flex\" href=\"\/fr\/portefeuilles\/services-aux-locataires-et-gestion-immobiliere\/\">\r\n                  <div class=\"expandslider__info__left expandslider__info__left--full\">\r\n\r\n                     <h2>Gestion immobili\u00e8re<\/h2>\r\n                     <div class=\"expanderslider__btn\">\r\n                        <span class=\"btn btn--blue\">En lire plus<\/span>\r\n                     <\/div>\r\n\r\n                  <\/div>\r\n\r\n\r\n               <\/a>\r\n            <\/div>\r\n         <\/div>\r\n\r\n\r\n      <\/div>\r\n\r\n      <nav class=\"expandslider__pagination\">\r\n         <span class=\"expandslider__previous js-expandslider-previous\" role=\"button\" title=\"Pr\u00e9c\u00e9dent\"><\/span>\r\n         <span class=\"expandslider__next js-expandslider-next\" role=\"button\" title=\"Suivante\"><\/span>\r\n      <\/nav>\r\n\r\n\r\n   <\/div>\r\n<\/div>\r\n\r\n<div class=\"margintop marginbottom\">\r\n   <div class=\"wrapper-grey\">\r\n      <h2>Strat\u00e9gies de portefeuille personnalis\u00e9es<\/h2>\r\n      <p>Notre \u00e9quipe de gestion de portefeuille est responsable du rendement global des actifs que nous g\u00e9rons au nom de nos clients. Ces derniers se voient attribuer un gestionnaire de portefeuille qui travaille directement avec eux pour concevoir une strat\u00e9gie sur mesure, tenant compte de leurs cibles d\u2019investissement, de leurs objectifs et de leurs avoirs actuels.<\/p>\r\n      <p>Ces strat\u00e9gies donnent la priorit\u00e9 \u00e0 la croissance du flux de tr\u00e9sorerie, \u00e0 la pr\u00e9servation du capital et \u00e0 la diversification; elles sont issues tant de notre exp\u00e9rience pratique en mati\u00e8re de gestion et de location immobili\u00e8re que de notre strat\u00e9gie descendante appliqu\u00e9e \u00e0 la r\u00e9flexion et la recherche. Nos strat\u00e9gies sont r\u00e9guli\u00e8rement r\u00e9\u00e9valu\u00e9es et rajust\u00e9es pour s\u2019harmoniser \u00e0 l\u2019\u00e9volution des objectifs et aux occasions du march\u00e9.<\/p>\r\n      <h2>Rapport et suivi rigoureux du rendement<\/h2>\r\n      <p>L\u2019\u00e9quipe de gestion de portefeuille \u00e9tudie de pr\u00e8s la performance client, d\u00e9construisant le niveau d\u2019actif et sa cat\u00e9gorie, ainsi que la performance g\u00e9ographique, tant par les revenus que les rendements en capital. Son analyse s\u2019\u00e9tend aux strat\u00e9gies d\u2019endettement, aux expirations de bail et aux profils d\u2019ententes en vue de garantir la gestion du risque li\u00e9 au portefeuille.<\/p>\r\n      <p>La production de rapport est con\u00e7ue pour satisfaire aux exigences des clients quant \u00e0 la gouvernance, la fr\u00e9quence et le format.<\/p>\r\n      <h2>Fonds de placement immobilier<\/h2>\r\n      <p>Les <a href=\"\/fr\/investissez-avec-nous\/\">Fonds de placement immobilier<\/a> g\u00e9r\u00e9s par la soci\u00e9t\u00e9 Conseillers immobiliers GWL repr\u00e9sentent un instrument de placement direct dans l\u2019immobilier au Canada pour les caisses de retraite, les r\u00e9gimes collectifs d\u2019\u00e9pargne enregistr\u00e9s et les investisseurs particuliers. Nous g\u00e9rons trois fonds distincts, dont l\u2019un&nbsp;\u2013 le Fonds de placement immobilier canadien n\u00ba&nbsp;1&nbsp;\u2013 est le plus important fonds de placements immobiliers \u00e0 capital variable au Canada.<\/p>\r\n   <\/div>\r\n<\/div>","protected":false},"excerpt":{"rendered":"Investissements En lire plus Am\u00e9nagement En lire plus Gestion d\u2019actifs et location En lire plus Gestion immobili\u00e8re En lire plus Strat\u00e9gies de portefeuille personnalis\u00e9es Notre \u00e9quipe de gestion de portefeuille est responsable du rendement global des actifs que nous g\u00e9rons au nom de nos clients. Ces derniers se voient attribuer un gestionnaire de portefeuille qui [&hellip;]","protected":false},"author":1,"featured_media":0,"parent":0,"menu_order":2,"comment_status":"closed","ping_status":"closed","template":"page-template\/businesses.php","meta":{"_acf_changed":false,"footnotes":""},"class_list":["post-2444","page","type-page","status-publish","hentry"],"acf":[],"_links":{"self":[{"href":"https:\/\/www.gwlrealtyadvisors.com\/fr\/wp-json\/wp\/v2\/pages\/2444","targetHints":{"allow":["GET"]}}],"collection":[{"href":"https:\/\/www.gwlrealtyadvisors.com\/fr\/wp-json\/wp\/v2\/pages"}],"about":[{"href":"https:\/\/www.gwlrealtyadvisors.com\/fr\/wp-json\/wp\/v2\/types\/page"}],"author":[{"embeddable":true,"href":"https:\/\/www.gwlrealtyadvisors.com\/fr\/wp-json\/wp\/v2\/users\/1"}],"replies":[{"embeddable":true,"href":"https:\/\/www.gwlrealtyadvisors.com\/fr\/wp-json\/wp\/v2\/comments?post=2444"}],"version-history":[{"count":11,"href":"https:\/\/www.gwlrealtyadvisors.com\/fr\/wp-json\/wp\/v2\/pages\/2444\/revisions"}],"predecessor-version":[{"id":11227,"href":"https:\/\/www.gwlrealtyadvisors.com\/fr\/wp-json\/wp\/v2\/pages\/2444\/revisions\/11227"}],"wp:attachment":[{"href":"https:\/\/www.gwlrealtyadvisors.com\/fr\/wp-json\/wp\/v2\/media?parent=2444"}],"curies":[{"name":"wp","href":"https:\/\/api.w.org\/{rel}","templated":true}]}}