{"id":2448,"date":"2019-04-29T12:43:23","date_gmt":"2019-04-29T16:43:23","guid":{"rendered":"https:\/\/www.gwlrealtyadvisors.com\/?page_id=2448"},"modified":"2025-12-15T09:28:51","modified_gmt":"2025-12-15T14:28:51","slug":"investissements","status":"publish","type":"page","link":"https:\/\/www.gwlrealtyadvisors.com\/fr\/portefeuilles\/investissements\/","title":{"rendered":"Investissements"},"content":{"rendered":"<div class=\"content-group marginbottom\">\r\n<div class=\"wrapper-grey\">\r\n<h2>Expertise et relations locales<\/h2>\r\n<p>Collaborant \u00e9troitement avec les gestionnaires de portefeuilles pour formuler les strat\u00e9gies de portefeuille des clients, l\u2019\u00e9quipe des placements se concentre sur l\u2019acquisition et la cession des actifs des clients en vue d\u2019am\u00e9liorer les rendements, d\u2019atteindre les objectifs de diversification et de tirer profit des occasions.<\/p>\r\n<p>Combinant une exp\u00e9rience pratique et diversifi\u00e9e, assortie de solides comp\u00e9tences techniques, l\u2019\u00e9quipe des placements met en \u0153uvre la strat\u00e9gie unique de chaque client, optimisant ainsi la palette d\u2019opportunit\u00e9s. La profonde compr\u00e9hension des facteurs de march\u00e9 de l\u2019\u00e9quipe est renforc\u00e9e par la collaboration multidisciplinaire et les capacit\u00e9s de <a href=\"\/fr\/recherche\/\">recherche<\/a> interne de l\u2019entreprise.<\/p>\r\n<p>Gr\u00e2ce \u00e0 une forte pr\u00e9sence r\u00e9gionale dans tous les grands march\u00e9s, nous avons une r\u00e9putation cr\u00e9dible et pouvons \u00e9tablir des relations avec les courtiers, propri\u00e9taires, investisseurs et autres intervenants locaux, tout en rep\u00e9rant des occasions et en concluant des transactions complexes. Nos analyses exhaustives d\u2019acquisitions potentielles am\u00e8nent, pour chaque nouvel actif, des \u00e9valuations \u00e9clair\u00e9es et des soumissions ais\u00e9es, une diligence raisonnable et des processus de transition convenables.<\/p>\r\n<h2>Approche rigoureuse<\/h2>\r\n<p>Les transactions sont effectu\u00e9es selon une approche rigoureuse d\u00e9crite dans la politique en mati\u00e8re de placement de la soci\u00e9t\u00e9 Conseillers immobiliers GWL. Dans le cadre de notre processus, nous effectuons des \u00e9valuations de diligence raisonnable exhaustives qui comprennent les aspects financiers, physiques, r\u00e9glementaires, environnementaux, sociaux et les questions li\u00e9es \u00e0 la gouvernance et aux march\u00e9s.<\/p>\r\n<\/div>\r\n<\/div>","protected":false},"excerpt":{"rendered":"Expertise et relations locales Collaborant \u00e9troitement avec les gestionnaires de portefeuilles pour formuler les strat\u00e9gies de portefeuille des clients, l\u2019\u00e9quipe des placements se concentre sur l\u2019acquisition et la cession des actifs des clients en vue d\u2019am\u00e9liorer les rendements, d\u2019atteindre les objectifs de diversification et de tirer profit des occasions. Combinant une exp\u00e9rience pratique et diversifi\u00e9e, [&hellip;]","protected":false},"author":1,"featured_media":0,"parent":2444,"menu_order":2,"comment_status":"closed","ping_status":"closed","template":"page-template\/page-with-hero.php","meta":{"_acf_changed":false,"footnotes":""},"class_list":["post-2448","page","type-page","status-publish","hentry"],"acf":[],"_links":{"self":[{"href":"https:\/\/www.gwlrealtyadvisors.com\/fr\/wp-json\/wp\/v2\/pages\/2448","targetHints":{"allow":["GET"]}}],"collection":[{"href":"https:\/\/www.gwlrealtyadvisors.com\/fr\/wp-json\/wp\/v2\/pages"}],"about":[{"href":"https:\/\/www.gwlrealtyadvisors.com\/fr\/wp-json\/wp\/v2\/types\/page"}],"author":[{"embeddable":true,"href":"https:\/\/www.gwlrealtyadvisors.com\/fr\/wp-json\/wp\/v2\/users\/1"}],"replies":[{"embeddable":true,"href":"https:\/\/www.gwlrealtyadvisors.com\/fr\/wp-json\/wp\/v2\/comments?post=2448"}],"version-history":[{"count":17,"href":"https:\/\/www.gwlrealtyadvisors.com\/fr\/wp-json\/wp\/v2\/pages\/2448\/revisions"}],"predecessor-version":[{"id":11225,"href":"https:\/\/www.gwlrealtyadvisors.com\/fr\/wp-json\/wp\/v2\/pages\/2448\/revisions\/11225"}],"up":[{"embeddable":true,"href":"https:\/\/www.gwlrealtyadvisors.com\/fr\/wp-json\/wp\/v2\/pages\/2444"}],"wp:attachment":[{"href":"https:\/\/www.gwlrealtyadvisors.com\/fr\/wp-json\/wp\/v2\/media?parent=2448"}],"curies":[{"name":"wp","href":"https:\/\/api.w.org\/{rel}","templated":true}]}}