{"id":2452,"date":"2019-04-29T12:44:19","date_gmt":"2019-04-29T16:44:19","guid":{"rendered":"https:\/\/www.gwlrealtyadvisors.com\/?page_id=2452"},"modified":"2025-04-23T13:28:05","modified_gmt":"2025-04-23T17:28:05","slug":"gestion-dactifs-et-location","status":"publish","type":"page","link":"https:\/\/www.gwlrealtyadvisors.com\/fr\/portefeuilles\/gestion-dactifs-et-location\/","title":{"rendered":"Gestion d\u2019actifs et location"},"content":{"rendered":"<div class=\"content-group marginbottom\">\r\n<div class=\"wrapper-grey\">\r\n<h2>Gestion d\u2019actifs<\/h2>\r\n<p>Notre \u00e9quipe de gestion d\u2019actif cr\u00e9e et ex\u00e9cute un plan d\u2019affaires pour chaque actif, qui incluent location, gestion immobili\u00e8re, am\u00e9lioration des immobilisations et strat\u00e9gies de contr\u00f4le des co\u00fbts. Chaque plan d\u2019affaires est con\u00e7u pour optimiser la valeur de la propri\u00e9t\u00e9 et la positionner de fa\u00e7on \u00e0 assurer l\u2019augmentation de sa valeur \u00e0 long terme. En plus de moderniser les am\u00e9nagements et espaces communs des immeubles, nous envisageons des investissements pour am\u00e9liorer la technologie et accro\u00eetre l\u2019efficacit\u00e9 \u00e9nerg\u00e9tique et l\u2019\u00e9conomie de l\u2019eau, ce qui favorisera la r\u00e9duction des co\u00fbts des services publics et ajoutera de la valeur aux actifs.<\/p>\r\n<h2>Location<\/h2>\r\n<p>La location joue un important r\u00f4le dans la mise en valeur des investissements de nos clients. Nous \u00e9laborons des strat\u00e9gies pour veiller \u00e0 ce que les conditions de location des immeubles soient optimales et pr\u00e9voient des ententes \u00e0 long terme.<\/p>\r\n<p>Disposant de sp\u00e9cialistes de la location dans chaque r\u00e9gion et pour chaque cat\u00e9gorie d\u2019actif, nous sommes experts en ce qui concerne la compr\u00e9hension des besoins des march\u00e9s locaux, la d\u00e9couverte des occasions, et ensuite la pr\u00e9sentation de nos immeubles g\u00e9r\u00e9s de fa\u00e7on \u00e0 ce qu\u2019ils attirent les locataires et r\u00e9sidents les plus int\u00e9ressants. Nous entretenons de solides relations dans la communaut\u00e9 du courtage, souvent tiss\u00e9es au fil d\u2019ann\u00e9es de fructueuse collaboration. Nous sommes fiers de notre approche consultative et de l\u2019\u00e9laboration d\u2019ententes qui incitent facilement \u00e0 dire <nobr>\u00ab oui \u00bb<\/nobr>.<\/p>\r\n<\/div>\r\n<\/div>","protected":false},"excerpt":{"rendered":"Gestion d\u2019actifs Notre \u00e9quipe de gestion d\u2019actif cr\u00e9e et ex\u00e9cute un plan d\u2019affaires pour chaque actif, qui incluent location, gestion immobili\u00e8re, am\u00e9lioration des immobilisations et strat\u00e9gies de contr\u00f4le des co\u00fbts. Chaque plan d\u2019affaires est con\u00e7u pour optimiser la valeur de la propri\u00e9t\u00e9 et la positionner de fa\u00e7on \u00e0 assurer l\u2019augmentation de sa valeur \u00e0 long [&hellip;]","protected":false},"author":1,"featured_media":0,"parent":2444,"menu_order":4,"comment_status":"closed","ping_status":"closed","template":"page-template\/page-with-hero.php","meta":{"_acf_changed":false,"footnotes":""},"class_list":["post-2452","page","type-page","status-publish","hentry"],"acf":[],"_links":{"self":[{"href":"https:\/\/www.gwlrealtyadvisors.com\/fr\/wp-json\/wp\/v2\/pages\/2452","targetHints":{"allow":["GET"]}}],"collection":[{"href":"https:\/\/www.gwlrealtyadvisors.com\/fr\/wp-json\/wp\/v2\/pages"}],"about":[{"href":"https:\/\/www.gwlrealtyadvisors.com\/fr\/wp-json\/wp\/v2\/types\/page"}],"author":[{"embeddable":true,"href":"https:\/\/www.gwlrealtyadvisors.com\/fr\/wp-json\/wp\/v2\/users\/1"}],"replies":[{"embeddable":true,"href":"https:\/\/www.gwlrealtyadvisors.com\/fr\/wp-json\/wp\/v2\/comments?post=2452"}],"version-history":[{"count":20,"href":"https:\/\/www.gwlrealtyadvisors.com\/fr\/wp-json\/wp\/v2\/pages\/2452\/revisions"}],"predecessor-version":[{"id":11233,"href":"https:\/\/www.gwlrealtyadvisors.com\/fr\/wp-json\/wp\/v2\/pages\/2452\/revisions\/11233"}],"up":[{"embeddable":true,"href":"https:\/\/www.gwlrealtyadvisors.com\/fr\/wp-json\/wp\/v2\/pages\/2444"}],"wp:attachment":[{"href":"https:\/\/www.gwlrealtyadvisors.com\/fr\/wp-json\/wp\/v2\/media?parent=2452"}],"curies":[{"name":"wp","href":"https:\/\/api.w.org\/{rel}","templated":true}]}}