{"id":2454,"date":"2019-04-29T12:44:34","date_gmt":"2019-04-29T16:44:34","guid":{"rendered":"https:\/\/www.gwlrealtyadvisors.com\/?page_id=2454"},"modified":"2025-01-16T11:24:51","modified_gmt":"2025-01-16T16:24:51","slug":"services-aux-locataires-et-gestion-immobiliere","status":"publish","type":"page","link":"https:\/\/www.gwlrealtyadvisors.com\/fr\/portefeuilles\/services-aux-locataires-et-gestion-immobiliere\/","title":{"rendered":"Gestion immobili\u00e8re"},"content":{"rendered":"<div class=\"margintop marginbottom\">\r\n<div class=\"introcta\">\r\n<div class=\"introcta__top\">\r\n<div class=\"wrapper-content\">\r\n<div class=\"introcta__text effect-fadein active\">\r\n<p>Notre ambition consiste \u00e0 exploiter des immeubles \u00e0 haute efficacit\u00e9, \u00e0 nous assurer qu\u2019ils soient s\u00fbrs et s\u00e9curitaires, et \u00e0 offrir un excellent service. Nous croyons qu\u2019il est important d\u2019am\u00e9liorer la fa\u00e7on de g\u00e9rer les actifs de nos clients et de r\u00e9pondre aux besoins de nos locataires et de nos r\u00e9sidents pour assurer le rendement et la valeur \u00e0 long terme des immeubles que nous g\u00e9rons. Notre approche nous permet de r\u00e9duire les co\u00fbts d\u2019exploitation, d\u2019entretenir la fid\u00e9lit\u00e9, et de contribuer \u00e0 la cr\u00e9ation de collectivit\u00e9s o\u00f9 il fait bon vivre et travailler.<\/p>\r\n<\/div>\r\n<\/div>\r\n<\/div>\r\n<div class=\"introcta__bottom\">\r\n<div class=\"wrapper-content\">\r\n<div class=\"introcta__box\">\r\n<div class=\"introcta__three effect-fadein active\">\r\n<div class=\"introcta__item\">\r\n<h2>Contactez-nous<\/h2>\r\n<\/div>\r\n<div class=\"introcta__item\">\r\n<h3>Locataires commerciaux<\/h3>\r\n<ul>\r\n\t<li>Soumettre des demandes d\u2019entretien<\/li>\r\n\t<li>Acc\u00e9der aux manuels et formulaires des locataires propres \u00e0 chaque immeuble<\/li>\r\n<\/ul>\r\n<div class=\"introcta__box__button\"><a href=\"https:\/\/www.ng1.angusanywhere.com\/Tenant\/GWL\/GWLFrench\/Default.aspx?Language=fr-ca\" target=\"_blank\" rel=\"noopener noreferrer\"><span class=\"btn btn--white btn--white-text\">Pr\u00e9sents!<\/span><\/a><\/div>\r\n<\/div>\r\n<div class=\"introcta__item\">\r\n<h3>R\u00e9sidents<\/h3>\r\n<ul>\r\n\t<li>Soumettre des demandes d\u2019entretien<\/li>\r\n\t<li>Consulter le livre comptable<\/li>\r\n\t<li>Recevoir des annonces communautaires<\/li>\r\n<\/ul>\r\n<div class=\"introcta__box__button\"><a href=\"https:\/\/www.gwlraresidential.com\/\" target=\"_blank\" rel=\"noopener noreferrer\"><span class=\"btn btn--white btn--white-text\">Portail des r\u00e9sidents<\/span><\/a><\/div>\r\n<\/div>\r\n<\/div>\r\n<\/div>\r\n<\/div>\r\n<\/div>\r\n<\/div>\r\n<\/div>\r\n<div class=\"wrapper-beige\">\r\n<h2>Immeubles sains et efficaces<\/h2>\r\n<div class=\"equalflex\">\r\n<div class=\"equalflex__item\"><img decoding=\"async\" src=\"\/wp-content\/themes\/worksdesign\/img\/tenant-services\/tenenat-efficient-buildings.jpg\" alt=\"\" class=\"size-full wp-image-8702 alignnone\" \/><\/div>\r\n<div class=\"equalflex__item\">\r\n<p>Nos \u00e9quipes de gestion des immeubles jouent un r\u00f4le essentiel \u00e0 l\u2019appui de notre excellence op\u00e9rationnelle. Elles sont charg\u00e9es d\u2019assurer la gestion et l\u2019entretien s\u00e9curitaires et respectueux de l\u2019environnement des syst\u00e8mes \u00e9lectriques, m\u00e9caniques, de chauffage et de climatisation de nos immeubles et d\u2019assurer les niveaux les plus \u00e9lev\u00e9s d\u2019efficacit\u00e9 op\u00e9rationnelle. Nos \u00e9quipes travaillent en vue d\u2019obtenir des certifications d\u2019immeubles verts pour les immeubles admissibles.<\/p>\r\n<p>En collaboration avec nos \u00e9quipes de gestion des actifs, les \u00e9quipes de gestion des immeubles mettent en \u0153uvre des plans d\u2019affaires propres \u00e0 chaque immeuble, qui comprennent des projets de gestion des immobilisations et de l\u2019exploitation. Les \u00e9quipes suivent des politiques et des protocoles d\u2019exploitation d\u00e9taill\u00e9s, afin de veiller \u00e0 ce que l\u2019on entreprenne en temps opportun les travaux d\u2019entretien et de r\u00e9novation des \u00e9quipements. Nous avons \u00e9galement des programmes robustes visant \u00e0 assurer le maintien de l\u2019int\u00e9grit\u00e9 environnementale des immeubles que nous g\u00e9rons et de la sant\u00e9 et du bien-\u00eatre de leurs occupants.<\/p>\r\n<div class=\"imagegroup imagegroup--3\">\r\n<div class=\"imagegroup__item imagegroup__item--halfmobile\"><img loading=\"lazy\" decoding=\"async\" src=\"\/wp-content\/themes\/worksdesign\/img\/tenant-services\/BOMA-BEST_Certified_ENGLISH_PMS_TM.png\" alt=\"BOMA BEST Certified logo\" width=\"390\" height=\"390\" class=\"size-full wp-image-8707 aligncenter\" \/><\/div>\r\n<div class=\"imagegroup__item imagegroup__item--halfmobile\"><img loading=\"lazy\" decoding=\"async\" src=\"\/wp-content\/themes\/worksdesign\/img\/tenant-services\/leed-logo.png\" alt=\"LEED logo\" width=\"600\" height=\"600\" class=\"size-full wp-image-8708 aligncenter\" \/><\/div>\r\n<\/div>\r\n<\/div>\r\n<\/div>\r\n<\/div>\r\n<div class=\"wrapper-content\">\r\n<h2>S\u00fbret\u00e9 et s\u00e9curit\u00e9 des immeubles<\/h2>\r\n<p>Notre \u00e9quipe des services de s\u00fbret\u00e9 et de s\u00e9curit\u00e9 offre des services de s\u00e9curit\u00e9 sp\u00e9cialis\u00e9s pour prot\u00e9ger les actifs de nos clients et assurer la s\u00e9curit\u00e9 des locataires et des r\u00e9sidents. Dans le cadre de ces services, nous d\u00e9ployons les meilleurs processus et les meilleures politiques et technologies. Notre syst\u00e8me de d\u00e9claration des incidents dans les immeubles et nos plans d\u2019intervention d\u2019urgence, lesquels sont bien \u00e9tablis, prot\u00e8gent la vie et la propri\u00e9t\u00e9, et pr\u00e9viennent ou r\u00e9duisent au minimum les blessures et les dommages physiques.<\/p>\r\n<div class=\"imagegroup\">\r\n<div class=\"imagegroup__item\"><img loading=\"lazy\" decoding=\"async\" src=\"\/wp-content\/themes\/worksdesign\/img\/tenant-services\/tenant-building-security1.jpg\" alt=\"\" width=\"1144\" height=\"548\" class=\"alignleft size-full wp-image-8711\" \/><\/div>\r\n<div class=\"imagegroup__item\"><img loading=\"lazy\" decoding=\"async\" src=\"\/wp-content\/themes\/worksdesign\/img\/tenant-services\/tenant-building-security2.jpg\" alt=\"\" width=\"1144\" height=\"548\" class=\"alignleft size-full wp-image-8712\" \/><\/div>\r\n<\/div>\r\n<\/div>\r\n<div class=\"wrapper-beige\">\r\n<h2>Excellente exp\u00e9rience des clients<\/h2>\r\n<p>Nos \u00e9quipes de gestion d\u2019immeubles commerciaux et r\u00e9sidentiels effectuent r\u00e9guli\u00e8rement des sondages aupr\u00e8s des locataires afin de nous aider \u00e0 mieux comprendre leurs besoins et am\u00e9liorer constamment nos services pour leur offrir une meilleure exp\u00e9rience. Chaque jour, nous nous effor\u00e7ons de surpasser les attentes des gens qui travaillent et habitent dans les immeubles que nous g\u00e9rons, sachant que l\u2019exp\u00e9rience du client est la cl\u00e9 de la r\u00e9ussite. Nos gestionnaires immobiliers sont habilit\u00e9s \u00e0 faire preuve d\u2019une excellence peu commune pour satisfaire les locataires et les r\u00e9sidents. Ils ont en commun une philosophie de prestation de services de la plus haute qualit\u00e9, qui s\u2019appuie sur trois principes&nbsp;:<\/p>\r\n<div class=\"imagegroup imagegroup--3 margintop--small paddingtop--small\">\r\n<div class=\"imagegroup__item\">\r\n<div class=\"imagegroup__item__title\">Gestion proactive<\/div>\r\n<img loading=\"lazy\" decoding=\"async\" src=\"\/wp-content\/themes\/worksdesign\/img\/tenant-services\/tenant-best-in-class1.jpg\" alt=\"\" width=\"744\" height=\"454\" class=\"size-full wp-image-8719 aligncenter\" \/>\r\n<div class=\"imagegroup__description\">Nous anticipons probl\u00e8mes potentiels et travaillons \u00e0 les pr\u00e9venir, manuellement et, de plus en plus, par des moyens technologiques tels que les propri\u00e9t\u00e9s des b\u00e2timents intelligents.<\/div>\r\n<\/div>\r\n<div class=\"imagegroup__item\">\r\n<div class=\"imagegroup__item__title\">Communication ouverte<\/div>\r\n<img loading=\"lazy\" decoding=\"async\" src=\"\/wp-content\/themes\/worksdesign\/img\/tenant-services\/tenant-best-in-class2.jpg\" alt=\"\" width=\"744\" height=\"454\" class=\"size-full wp-image-8720 aligncenter\" \/>\r\n<div class=\"imagegroup__description\">Nous communiquons avec honn\u00eatet\u00e9 et transparence dans toutes nos interactions avec les locataires et les r\u00e9sidents.<\/div>\r\n<\/div>\r\n<div class=\"imagegroup__item\">\r\n<div class=\"imagegroup__item__title\">Service personnalis\u00e9<\/div>\r\n<img loading=\"lazy\" decoding=\"async\" src=\"\/wp-content\/themes\/worksdesign\/img\/tenant-services\/tenant-best-in-class3.jpg\" alt=\"\" width=\"744\" height=\"454\" class=\"size-full wp-image-8721 aligncenter\" \/>\r\n<div class=\"imagegroup__description\">Nous apprenons \u00e0 conna\u00eetre nos locataires et nos r\u00e9sidents et interagissons personnellement avec eux.<\/div>\r\n<\/div>\r\n<\/div>\r\n<p>&nbsp;<\/p>\r\n\r\n          <div class=\"slideshow js-slideshow\" data-style=\"\" data-total=\"3\" data-height=\"tall\" data-caption=\"yes\">\n\n        <div class=\"slidershow__items\">\n                      <div class=\"slideshow__item\" aria-hidden=\"true\">\n              <div class=\"slideshow__item__image\">\n                <img decoding=\"async\" src=\"\/wp-content\/uploads\/2024\/03\/VCII-Opening.jpg\" alt=\"\" style=\"object-position: center 50%;\">\n                <a href=\"\/wp-content\/uploads\/2024\/03\/VCII-Opening.jpg\" class=\"js-overlay-open\" data-overlay-type=\"image\" title=\"Voir l\u2018image compl\u00e8te\"><span class=\"imageslider__plus\">+<\/span><\/a>\n              <\/div>\n\n\n              \n\n            <\/div>\n\n                      <div class=\"slideshow__item\" aria-hidden=\"true\">\n              <div class=\"slideshow__item__image\">\n                <img decoding=\"async\" src=\"\/wp-content\/uploads\/2024\/03\/Ice-Cream-1.jpg\" alt=\"\" style=\"object-position: center 50%;\">\n                <a href=\"\/wp-content\/uploads\/2024\/03\/Ice-Cream-1.jpg\" class=\"js-overlay-open\" data-overlay-type=\"image\" title=\"Voir l\u2018image compl\u00e8te\"><span class=\"imageslider__plus\">+<\/span><\/a>\n              <\/div>\n\n\n              \n\n            <\/div>\n\n                      <div class=\"slideshow__item\" aria-hidden=\"true\">\n              <div class=\"slideshow__item__image\">\n                <img decoding=\"async\" src=\"\/wp-content\/uploads\/2024\/03\/33Y-BBQ-3.jpg\" alt=\"\" style=\"object-position: center 50%;\">\n                <a href=\"\/wp-content\/uploads\/2024\/03\/33Y-BBQ-3.jpg\" class=\"js-overlay-open\" data-overlay-type=\"image\" title=\"Voir l\u2018image compl\u00e8te\"><span class=\"imageslider__plus\">+<\/span><\/a>\n              <\/div>\n\n\n              \n\n            <\/div>\n\n                  <\/div>\n\n        <div class=\"slideshow__indicators\">\n          <div class=\"slideshow__indicators__dots\"><\/div>\n          <div class=\"slideshow__indicators__prev js-slideshow-prev\" role=\"button\" title=\"Pr\u00e9c\u00e9dent\"><\/div>\n          <div class=\"slideshow__indicators__next js-slideshow-next\" role=\"button\" title=\"Suivante\"><\/div>\n        <\/div>\n      <\/div>\n      <\/div>\r\n<div class=\"wrapper-content\">\r\n<h2>Investir dans nos propri\u00e9t\u00e9s<\/h2>\r\n<\/div>","protected":false},"excerpt":{"rendered":"Notre ambition consiste \u00e0 exploiter des immeubles \u00e0 haute efficacit\u00e9, \u00e0 nous assurer qu\u2019ils soient s\u00fbrs et s\u00e9curitaires, et \u00e0 offrir un excellent service. Nous croyons qu\u2019il est important d\u2019am\u00e9liorer la fa\u00e7on de g\u00e9rer les actifs de nos clients et de r\u00e9pondre aux besoins de nos locataires et de nos r\u00e9sidents pour assurer le rendement [&hellip;]","protected":false},"author":1,"featured_media":0,"parent":2444,"menu_order":5,"comment_status":"closed","ping_status":"closed","template":"page-template\/tenant-services.php","meta":{"_acf_changed":false,"footnotes":""},"class_list":["post-2454","page","type-page","status-publish","hentry"],"acf":[],"_links":{"self":[{"href":"https:\/\/www.gwlrealtyadvisors.com\/fr\/wp-json\/wp\/v2\/pages\/2454","targetHints":{"allow":["GET"]}}],"collection":[{"href":"https:\/\/www.gwlrealtyadvisors.com\/fr\/wp-json\/wp\/v2\/pages"}],"about":[{"href":"https:\/\/www.gwlrealtyadvisors.com\/fr\/wp-json\/wp\/v2\/types\/page"}],"author":[{"embeddable":true,"href":"https:\/\/www.gwlrealtyadvisors.com\/fr\/wp-json\/wp\/v2\/users\/1"}],"replies":[{"embeddable":true,"href":"https:\/\/www.gwlrealtyadvisors.com\/fr\/wp-json\/wp\/v2\/comments?post=2454"}],"version-history":[{"count":18,"href":"https:\/\/www.gwlrealtyadvisors.com\/fr\/wp-json\/wp\/v2\/pages\/2454\/revisions"}],"predecessor-version":[{"id":9550,"href":"https:\/\/www.gwlrealtyadvisors.com\/fr\/wp-json\/wp\/v2\/pages\/2454\/revisions\/9550"}],"up":[{"embeddable":true,"href":"https:\/\/www.gwlrealtyadvisors.com\/fr\/wp-json\/wp\/v2\/pages\/2444"}],"wp:attachment":[{"href":"https:\/\/www.gwlrealtyadvisors.com\/fr\/wp-json\/wp\/v2\/media?parent=2454"}],"curies":[{"name":"wp","href":"https:\/\/api.w.org\/{rel}","templated":true}]}}