{"id":2476,"date":"2019-04-29T12:47:57","date_gmt":"2019-04-29T16:47:57","guid":{"rendered":"https:\/\/www.gwlrealtyadvisors.com\/?page_id=2476"},"modified":"2024-09-16T14:13:53","modified_gmt":"2024-09-16T18:13:53","slug":"medias-sociaux","status":"publish","type":"page","link":"https:\/\/www.gwlrealtyadvisors.com\/fr\/durabilite\/medias-sociaux\/","title":{"rendered":"M\u00e9dias sociaux"},"content":{"rendered":"<div class=\"wrapper-content marginbottom margintop\">\r\n  <div class=\"introtext-small\">\r\n    <p>Nous voulons avoir un impact durable en inspirant un changement positif dans les communaut\u00e9s o\u00f9 nous vivons, travaillons et faisons des affaires. Nous travaillons en collaboration avec les collectivit\u00e9s afin de cr\u00e9er des impacts sociaux positifs qui contribuent \u00e0 leur bien-\u00eatre g\u00e9n\u00e9ral, \u00e0 leur qualit\u00e9 de vie et \u00e0 leur prosp\u00e9rit\u00e9 \u00e9conomique et sociale.<\/p>\r\n  <\/div>\r\n\r\n\r\n<\/div>\r\n\r\n\r\n<div class=\"wrapper-content paddingottom\">\r\n  <div class=\"careerhero marginbottom effect-fadein\">\r\n\r\n    <div class=\"careerhero__bg\" style=\"background-image:url('\/wp-content\/themes\/worksdesign\/img\/sustainability\/2024\/social\/video-cover-value.jpg');\">\r\n\r\n      <div class=\"wrapper-content\">\r\n        <a class=\"careerhero__link js-overlay-open js-hash-video-play\" href=\"https:\/\/www.youtube.com\/embed\/v4zw2pfsIkE?autoplay=1\" title=\"Play video\" data-overlay-type=\"youtube\" tabindex=\"0\">\r\n          <div class=\"careerhero__flex effect-slidein\">\r\n            <div class=\"careerhero__heading\">\r\n              Valeur sociale\r\n            <\/div>\r\n            <div class=\"careerhero__play\">\r\n\r\n              <span class=\"play-btn\">\r\n                <span class=\"play-btn__icon\"><\/span>\r\n                <span class=\"play-btn__label\">Voir la vid\u00e9o<\/span>\r\n              <\/span>\r\n\r\n            <\/div>\r\n          <\/div>\r\n        <\/a>\r\n      <\/div>\r\n\r\n\r\n\r\n    <\/div>\r\n\r\n  <\/div>\r\n<\/div>\r\n\r\n\r\n\r\n<div class=\"wrapper-grey\">\r\n  <h2>Consultations communautaires<\/h2>\r\n\r\n  <div class=\"equalflex\">\r\n    <div class=\"equalflex__item\">\r\n      <img decoding=\"async\" src=\"\/wp-content\/themes\/worksdesign\/img\/sustainability\/2024\/social\/consultation.jpg\" alt=\"\" class=\"size-full\">\r\n    <\/div>\r\n    <div class=\"equalflex__item\">\r\n      <p>Le secteur de l\u2019immobilier a un impact concret sur les communaut\u00e9s; il est donc essentiel de consulter les voisins avant de d\u00e9marrer tout projet d\u2019am\u00e9nagement ou de r\u00e9am\u00e9nagement d\u2019envergure. Les assembl\u00e9es communautaires fournissent des donn\u00e9es pr\u00e9cieuses sur les questions et pr\u00e9occupations sociales et environnementales locales.<\/p>\r\n      <p>Les points de vue des intervenants sont int\u00e9gr\u00e9s dans notre cadre de planification, de conception et de construction. Nous travaillons souvent en collaboration avec nos partenaires communautaires pour r\u00e9pondre \u00e0 des pr\u00e9occupations pr\u00e9cises. L\u2019information \u00e0 jour sur les projets est diffus\u00e9e publiquement sur des sites Web immobiliers, par des lettres et d\u2019autres m\u00e9dias.<\/p>\r\n      <p>La consultation stimule les id\u00e9es pour la cr\u00e9ation de milieux de vie enrichissants et optimise la valeur \u00e0 long terme d\u2019un immeuble.<\/p>\r\n    <\/div>\r\n  <\/div>\r\n\r\n\r\n<\/div>\r\n\r\n\r\n<div class=\"wrapper-content paddingtop paddingbottom\">\r\n  <h2>Retomb\u00e9es \u00e9conomiques<\/h2>\r\n  <p>Nos retomb\u00e9es \u00e9conomiques ont une grande port\u00e9e&nbsp;:<\/p>\r\n  <ul>\r\n    <li>Beaucoup plus que des briques et du mortier, les immeubles que nous am\u00e9nageons et g\u00e9rons sont les moteurs de l\u2019activit\u00e9 \u00e9conomique. Ils abritent des entreprises et des magasins de vente au d\u00e9tail, soutiennent l\u2019emploi de milliers de personnes et contribuent \u00e0 la prosp\u00e9rit\u00e9 \u00e9conomique des communaut\u00e9s. Nous concevons et g\u00e9rons nos immeubles pour aider ces entreprises \u00e0 r\u00e9ussir \u2013 par exemple, en permettant la reconfiguration rapide d\u2019un immeuble industriel afin de r\u00e9pondre aux besoins changeants des locataires.<\/li>\r\n    <li>Nos projets d\u2019am\u00e9nagement stimulent les \u00e9conomies locales et r\u00e9gionales, gr\u00e2ce aux \u00e9normes quantit\u00e9s de biens et de services n\u00e9cessaires pour mener \u00e0 bien ces initiatives complexes. Directement ou par l\u2019interm\u00e9diaire de tierces parties, nous faisons appel \u00e0 des architectes, ing\u00e9nieurs, consultants, gens de m\u00e9tier, entreprises de construction et plus, et d\u00e9pensons des millions de dollars pour l\u2019achat de mat\u00e9riaux.<\/li>\r\n    <li>Avec ses bureaux r\u00e9gionaux et ses employ\u00e9s travaillant dans nos immeubles, la soci\u00e9t\u00e9 Conseillers immobiliers GWL est \u00e9galement un employeur important. Nous cr\u00e9ons des emplois de qualit\u00e9, offrons des salaires et des avantages sociaux concurrentiels, ainsi que des occasions d\u2019apprentissage et de perfectionnement enrichissantes.<\/li>\r\n    <li>Sur une plus large \u00e9chelle, en tant que conseiller en placements immobiliers qui est principalement au service d\u2019importantes caisses de retraite et compagnies d\u2019assurance, la soci\u00e9t\u00e9 Conseillers immobiliers GWL pr\u00e9serve la s\u00e9curit\u00e9 financi\u00e8re des millions de personnes qui d\u00e9pendent de nos clients pour leurs pensions et leurs \u00e9conomies. Nous prenons cette responsabilit\u00e9 tr\u00e8s au s\u00e9rieux.<\/li>\r\n  <\/ul>\r\n<\/div>\r\n\r\n\r\n<div class=\"wrapper-grey\"><a name=\"community-investments\" class=\"anchor\"><\/a>\r\n  <h2>Investissements communautaires<\/h2>\r\n  <p>Gr\u00e2ce au programme La parfaite alliance communautaire<sup>MC<\/sup> de la Canada Vie, nous investissons dans les organismes communautaires et \u00e0 but non lucratif qui d\u00e9ploient des efforts pour apporter des changements positifs.<\/p>\r\n  <p>La plupart de nos activit\u00e9s d\u2019investissement sont effectu\u00e9es \u00e0 proximit\u00e9 de nos bureaux, \u00e0 l\u2019appui des causes locales qui sont importantes pour nos employ\u00e9s et leurs collectivit\u00e9s.<\/p>\r\n  <p>Nous avons \u00e9galement une relation de longue date avec Habitat pour l\u2019humanit\u00e9, afin de participer \u00e0 des projets immobiliers communautaires. Chaque ann\u00e9e, nos employ\u00e9s b\u00e9n\u00e9voles construisent des maisons pour des familles qui ont besoin d\u2019une habitation s\u00fbre, d\u00e9cente et abordable.<\/p>\r\n  <p>\u00c0 titre de membre d\u2019Imagine Canada, notre soci\u00e9t\u00e9 m\u00e8re, la Canada Vie, une filiale de Great-West Lifeco, donne au moins 1% de ses b\u00e9n\u00e9fices nets \u00e0 des organismes communautaires par le biais de dons et d\u2019heures de b\u00e9n\u00e9volat de ses employ\u00e9s.<\/p>\r\n<\/div>\r\n\r\n<div class=\"wrapper-content paddingtop paddingbottom\">\r\n  <div class=\"careerhero effect-fadein\">\r\n\r\n    <div class=\"careerhero__bg\" style=\"background-image:url('\/wp-content\/themes\/worksdesign\/img\/sustainability\/2024\/social\/video-cover-habitat.jpg');\">\r\n\r\n      <div class=\"wrapper-content\">\r\n        <a href=\"\/wp-content\/uploads\/2021\/06\/gwlra-habit-for-humanity-2020.mp4\" class=\"js-overlay-open js-hash-video-play careerhero__link\" data-overlay-type=\"youtube\">\r\n          <div class=\"careerhero__flex effect-slidein\">\r\n            <div class=\"careerhero__heading\">\r\n              Observez nos employ\u00e9s contribuer \u00e0 la soci\u00e9t\u00e9 au moyen d\u2019Habitat pour l\u2019humanit\u00e9\r\n            <\/div>\r\n            <div class=\"careerhero__play\">\r\n\r\n              <span class=\"play-btn\">\r\n                <span class=\"play-btn__icon\"><\/span>\r\n                <span class=\"play-btn__label\">Voir la vid\u00e9o<\/span>\r\n              <\/span>\r\n\r\n            <\/div>\r\n          <\/div>\r\n        <\/a>\r\n      <\/div>\r\n\r\n\r\n\r\n    <\/div>\r\n\r\n  <\/div>\r\n<\/div>\r\n\r\n<div class=\"wrapper-grey\">\r\n  <div class=\"sustcerts sustcerts--2\">\r\n\r\n    <div class=\"sustcerts__item\">\r\n      <img decoding=\"async\" src=\"\/wp-content\/themes\/worksdesign\/img\/sustainability\/2024\/social\/Habitat-For-Humanity-Logo.png\" alt=\"Habitat For Humanity logo\">\r\n    <\/div>\r\n    <div class=\"sustcerts__item\">\r\n      <img decoding=\"async\" src=\"\/wp-content\/themes\/worksdesign\/img\/sustainability\/2024\/social\/microhabitat_logo.png\" alt=\"MicroHabitat logo\">\r\n    <\/div>\r\n  <\/div>\r\n\r\n\r\n<\/div>\r\n\r\n<div class=\"wrapper-content paddingottom paddingtop\">\r\n  <div class=\"careerhero marginbottom effect-fadein\">\r\n\r\n    <div class=\"careerhero__bg\" style=\"background-image:url('\/wp-content\/themes\/worksdesign\/img\/sustainability\/2024\/social\/video-cover-micro.jpg');\">\r\n\r\n      <div class=\"wrapper-content\">\r\n        <a class=\"careerhero__link js-overlay-open js-hash-video-play\" href=\"https:\/\/www.youtube.com\/embed\/E1hUYLEkJv8?autoplay=1\" title=\"Play video\" data-overlay-type=\"youtube\" tabindex=\"0\">\r\n          <div class=\"careerhero__flex effect-slidein\">\r\n            <div class=\"careerhero__heading\">\r\n              MicroHabitat\r\n            <\/div>\r\n            <div class=\"careerhero__play\">\r\n\r\n              <span class=\"play-btn\">\r\n                <span class=\"play-btn__icon\"><\/span>\r\n                <span class=\"play-btn__label\">Voir la vid\u00e9o<\/span>\r\n              <\/span>\r\n\r\n            <\/div>\r\n          <\/div>\r\n        <\/a>\r\n      <\/div>\r\n\r\n\r\n\r\n    <\/div>\r\n\r\n  <\/div>\r\n<\/div>\r\n\r\n<div class=\"wrapper-content marginbottom margintop\">\r\n\r\n  <h2>S\u00fbret\u00e9 et s\u00e9curit\u00e9<\/h2>\r\n  <p>Nous avons mis en place de robustes politiques, proc\u00e9dures et programmes de sant\u00e9 et s\u00e9curit\u00e9 au travail (SST) pour prot\u00e9ger nos employ\u00e9s et nos locataires.<\/p>\r\n  <p>Pour les employ\u00e9s, une approche de gestion de la s\u00e9curit\u00e9 ax\u00e9e sur la pr\u00e9vention des risques et des \u00e9valuations continues nous permet d\u2019identifier et d\u2019att\u00e9nuer de fa\u00e7on proactive les risques pour la s\u00e9curit\u00e9. Les programmes de pr\u00e9vention des risques sont ax\u00e9s sur des sujets tels que les glissades et les chutes, la s\u00e9curit\u00e9 en mati\u00e8re d\u2019\u00e9lectricit\u00e9, les espaces confin\u00e9s, le travail en hauteur et l\u2019ergonomie. Tous les employ\u00e9s participent \u00e0 une formation obligatoire en sant\u00e9 et s\u00e9curit\u00e9 au travail. Nous faisons en outre la promotion de la s\u00e9curit\u00e9 par le biais de nos causeries s\u00e9curit\u00e9 mensuelles et de notre programme \u00ab&nbsp;Eye on Safety&nbsp;\u00bb, qui encourage l\u2019identification des probl\u00e8mes de s\u00e9curit\u00e9, la prise de mesures correctives et le partage des le\u00e7ons apprises.<\/p>\r\n  <p>Notre \u00e9quipe des services de s\u00fbret\u00e9 et de s\u00e9curit\u00e9 a \u00e9tabli des solutions de s\u00e9curit\u00e9 propres \u00e0 chaque immeuble, qui sont ax\u00e9es sur le maintien de l\u2019int\u00e9grit\u00e9 des actifs, la protection des occupants de l\u2019immeuble et la pr\u00e9vention des interruptions d\u2019activit\u00e9s. On attribue \u00e0 chaque immeuble un classement du risque proportionnel au degr\u00e9 et au type de risques et de menaces auxquels il est confront\u00e9. Le classement attribu\u00e9 nous permet de d\u00e9terminer le type de programme de s\u00e9curit\u00e9 le mieux adapt\u00e9 pour prot\u00e9ger l\u2019immeuble et de ses occupants.<\/p>\r\n  <p>Les \u00e9quipes de gestion des situations d\u2019urgence de chaque immeuble sont en mesure d\u2019ex\u00e9cuter notre plan de gestion des urgences chaque fois que se produit un incident qui peut menacer les op\u00e9rations normales de l\u2019immeuble et l\u2019int\u00e9grit\u00e9 des actifs ou la s\u00e9curit\u00e9 des occupants. De plus, notre Centre national des op\u00e9rations de s\u00e9curit\u00e9 \u2013 un centre de fusion des services de s\u00e9curit\u00e9 ouvert 24 heures sur 24, 7 jours sur 7 \u2013, nous permet d\u2019identifier et de consigner les incidents majeurs li\u00e9s \u00e0 la s\u00e9curit\u00e9 ainsi que d\u2019intervenir.<\/p>\r\n<\/div>","protected":false},"excerpt":{"rendered":"Nous voulons avoir un impact durable en inspirant un changement positif dans les communaut\u00e9s o\u00f9 nous vivons, travaillons et faisons des affaires. Nous travaillons en collaboration avec les collectivit\u00e9s afin de cr\u00e9er des impacts sociaux positifs qui contribuent \u00e0 leur bien-\u00eatre g\u00e9n\u00e9ral, \u00e0 leur qualit\u00e9 de vie et \u00e0 leur prosp\u00e9rit\u00e9 \u00e9conomique et sociale. Valeur [&hellip;]","protected":false},"author":1,"featured_media":0,"parent":2468,"menu_order":4,"comment_status":"closed","ping_status":"closed","template":"page-template\/sustainability-subpage.php","meta":{"_acf_changed":false,"footnotes":""},"class_list":["post-2476","page","type-page","status-publish","hentry"],"acf":[],"_links":{"self":[{"href":"https:\/\/www.gwlrealtyadvisors.com\/fr\/wp-json\/wp\/v2\/pages\/2476","targetHints":{"allow":["GET"]}}],"collection":[{"href":"https:\/\/www.gwlrealtyadvisors.com\/fr\/wp-json\/wp\/v2\/pages"}],"about":[{"href":"https:\/\/www.gwlrealtyadvisors.com\/fr\/wp-json\/wp\/v2\/types\/page"}],"author":[{"embeddable":true,"href":"https:\/\/www.gwlrealtyadvisors.com\/fr\/wp-json\/wp\/v2\/users\/1"}],"replies":[{"embeddable":true,"href":"https:\/\/www.gwlrealtyadvisors.com\/fr\/wp-json\/wp\/v2\/comments?post=2476"}],"version-history":[{"count":22,"href":"https:\/\/www.gwlrealtyadvisors.com\/fr\/wp-json\/wp\/v2\/pages\/2476\/revisions"}],"predecessor-version":[{"id":11238,"href":"https:\/\/www.gwlrealtyadvisors.com\/fr\/wp-json\/wp\/v2\/pages\/2476\/revisions\/11238"}],"up":[{"embeddable":true,"href":"https:\/\/www.gwlrealtyadvisors.com\/fr\/wp-json\/wp\/v2\/pages\/2468"}],"wp:attachment":[{"href":"https:\/\/www.gwlrealtyadvisors.com\/fr\/wp-json\/wp\/v2\/media?parent=2476"}],"curies":[{"name":"wp","href":"https:\/\/api.w.org\/{rel}","templated":true}]}}