{"id":2486,"date":"2019-04-29T12:49:30","date_gmt":"2019-04-29T16:49:30","guid":{"rendered":"https:\/\/www.gwlrealtyadvisors.com\/?page_id=2486"},"modified":"2025-12-15T09:55:00","modified_gmt":"2025-12-15T14:55:00","slug":"recompenses-et-avantages","status":"publish","type":"page","link":"https:\/\/www.gwlrealtyadvisors.com\/fr\/carrieres\/recompenses-et-avantages\/","title":{"rendered":"R\u00e9compenses et avantages"},"content":{"rendered":"<div class=\"wrapper-content paddingbottom\">\r\n\r\n  <div class=\"careerrewards\">\r\n    <div class=\"careerrewards__title effect-fadein\">\r\n      <h2>En savoir plus ici&nbsp;:<\/h2>\r\n    <\/div>\r\n\r\n    <div class=\"careerrewards__menu effect-fadein\">\r\n      <div class=\"careerrewards__menu__item careerrewards__menu__item--active js-careerrewards-open\" role=\"button\" data-careerrewards-value=\"pay\">\r\n        <h3>Paye<\/h3>\r\n      <\/div>\r\n      <div class=\"careerrewards__menu__item js-careerrewards-open\" role=\"button\" data-careerrewards-value=\"pension\">\r\n        <h3>Pension et avantages<\/h3>\r\n      <\/div>\r\n      <div class=\"careerrewards__menu__item js-careerrewards-open\" role=\"button\" data-careerrewards-value=\"work\">\r\n        <h3>Environnement de travail<\/h3>\r\n      <\/div>\r\n\r\n    <\/div>\r\n\r\n    <div class=\"careerrewards__sliders effect-fadein\">\r\n      <div class=\"careerrewards__sliders__pagination\">\r\n        <span class=\"careerrewards__sliders__prev js-careerrewards-prev\" role=\"button\" title=\"Previous\"><i class=\"fa fa-chevron-left\" aria-hidden=\"true\"><\/i><\/span>\r\n        <span class=\"careerrewards__sliders__next js-careerrewards-next\" role=\"button\" title=\"Next\"><i class=\"fa fa-chevron-right\" aria-hidden=\"true\"><\/i><\/span>\r\n      <\/div>\r\n      <div class=\"careerrewards__sliders__indicators\"><\/div>\r\n      <div class=\"careerrewards__slide careerrewards__slide--active\" data-careerrewards-value=\"pay\">\r\n        <div class=\"careerrewards__slide__bg\">\r\n          <img decoding=\"async\" src=\"\/wp-content\/themes\/worksdesign\/img\/careers\/2024\/rewards-benefits\/pay.jpg\" alt=\"\">\r\n        <\/div>\r\n        <div class=\"careerrewards__slide__text\">\r\n          <h3>Paye<\/h3>\r\n          <ul>\r\n            <li>Salaire concurrentiel<\/li>\r\n            <li>Prime annuelle qui r\u00e9compense l\u2019atteinte des objectifs personnels et de la compagnie<\/li>\r\n          <\/ul>\r\n        <\/div>\r\n      <\/div>\r\n\r\n      <div class=\"careerrewards__slide careerrewards__slide--hidden\" data-careerrewards-value=\"pension\" aria-hidden=\"true\">\r\n        <div class=\"careerrewards__slide__bg\">\r\n          <img decoding=\"async\" src=\"\/wp-content\/themes\/worksdesign\/img\/careers\/2024\/rewards-benefits\/pension.jpg\" alt=\"\">\r\n        <\/div>\r\n        <div class=\"careerrewards__slide__text\">\r\n          <h3>Pension et avantages<\/h3>\r\n          <ul>\r\n            <li>R\u00e9gime de pensions<\/li>\r\n            <li>Heures de travail flexibles, soins dentaires et de vision<\/li>\r\n            <li>Assurance-vie et assurance-invalidit\u00e9<\/li>\r\n            <li>Assurance de mieux-\u00eatre<\/li>\r\n            <li>Assurance de sant\u00e9 mentale avec garantie allant jusqu\u2019\u00e0 5 000 $ par ann\u00e9e<\/li>\r\n            <li>Programme d\u2019aide aux employ\u00e9s et aux familles<\/li>\r\n\r\n          <\/ul>\r\n        <\/div>\r\n      <\/div>\r\n\r\n      <div class=\"careerrewards__slide careerrewards__slide--hidden\" data-careerrewards-value=\"work\" aria-hidden=\"true\">\r\n        <div class=\"careerrewards__slide__bg\">\r\n          <img decoding=\"async\" src=\"\/wp-content\/themes\/worksdesign\/img\/careers\/2024\/rewards-benefits\/work.jpg\" alt=\"\">\r\n        <\/div>\r\n        <div class=\"careerrewards__slide__text\">\r\n          <h3>Environnement de travail<\/h3>\r\n          <ul>\r\n            <li>Horaire de travail souple qui, \u00e0 la discr\u00e9tion du directeur, peut \u00eatre \u00e9tabli en dehors des heures de bureau normales<\/li>\r\n            <li>Communication ouverte<\/li>\r\n            <li>Sondages sur la motivation des employ\u00e9s et plans d\u2019action<\/li>\r\n            <li>Programmes de reconnaissance du m\u00e9rite des employ\u00e9s<\/li>\r\n            <li>Primes de services<\/li>\r\n            <li>Activit\u00e9s sociales<\/li>\r\n            <li>B\u00e9n\u00e9volat communautaire<\/li>\r\n\r\n          <\/ul>\r\n        <\/div>\r\n      <\/div>\r\n\r\n\r\n    <\/div>\r\n  <\/div>\r\n\r\n\r\n<\/div>\r\n\r\n\r\n<div class=\"wrapper\">\r\n  <div class=\"marginbottom\">\r\n    <div class=\"introcta\">\r\n      <div class=\"introcta__top\">\r\n        <div class=\"wrapper-content\">\r\n          <div class=\"introcta__text  effect-fadein\">\r\n            <p>Que vous soyez int\u00e9ress\u00e9 par une carri\u00e8re au sein de notre portefeuille commercial ou par l\u2019un de nos immeubles prim\u00e9s de notre portefeuille r\u00e9sidentiel, nous embauchons des personnes passionn\u00e9es qui ont le talent de faire bouger les choses et qui s\u2019\u00e9panouissent dans un environnement dynamique.<\/p>\r\n          <\/div>\r\n        <\/div>\r\n\r\n      <\/div>\r\n      <div class=\"introcta__bottom\">\r\n        <div class=\"wrapper-content\">\r\n          <div class=\"introcta__box  effect-fadein\">\r\n            <div class=\"introcta__box__left\">\r\n              <h2>Offres d\u2019emploi<\/h2>\r\n              <p>Vous recherchez une carri\u00e8re dans l\u2019immobilier?<\/p>\r\n            <\/div>\r\n            <div class=\"introcta__box__right\">\r\n              <div class=\"introcta__box__button\"><a href=\"\/fr\/carrieres\/affichage-demploi\/\"><span class=\"btn btn--white\">Voir les offres d\u2019emploi<\/span><\/a><\/div>\r\n            <\/div>\r\n\r\n          <\/div>\r\n        <\/div>\r\n\r\n      <\/div>\r\n    <\/div>\r\n  <\/div>\r\n<\/div>","protected":false},"excerpt":{"rendered":"En savoir plus ici&nbsp;: Paye Pension et avantages Environnement de travail Paye Salaire concurrentiel Prime annuelle qui r\u00e9compense l\u2019atteinte des objectifs personnels et de la compagnie Pension et avantages R\u00e9gime de pensions Heures de travail flexibles, soins dentaires et de vision Assurance-vie et assurance-invalidit\u00e9 Assurance de mieux-\u00eatre Assurance de sant\u00e9 mentale avec garantie allant jusqu\u2019\u00e0 [&hellip;]","protected":false},"author":1,"featured_media":0,"parent":2482,"menu_order":2,"comment_status":"closed","ping_status":"closed","template":"page-template\/page-with-hero.php","meta":{"_acf_changed":false,"footnotes":""},"class_list":["post-2486","page","type-page","status-publish","hentry"],"acf":[],"_links":{"self":[{"href":"https:\/\/www.gwlrealtyadvisors.com\/fr\/wp-json\/wp\/v2\/pages\/2486","targetHints":{"allow":["GET"]}}],"collection":[{"href":"https:\/\/www.gwlrealtyadvisors.com\/fr\/wp-json\/wp\/v2\/pages"}],"about":[{"href":"https:\/\/www.gwlrealtyadvisors.com\/fr\/wp-json\/wp\/v2\/types\/page"}],"author":[{"embeddable":true,"href":"https:\/\/www.gwlrealtyadvisors.com\/fr\/wp-json\/wp\/v2\/users\/1"}],"replies":[{"embeddable":true,"href":"https:\/\/www.gwlrealtyadvisors.com\/fr\/wp-json\/wp\/v2\/comments?post=2486"}],"version-history":[{"count":15,"href":"https:\/\/www.gwlrealtyadvisors.com\/fr\/wp-json\/wp\/v2\/pages\/2486\/revisions"}],"predecessor-version":[{"id":11243,"href":"https:\/\/www.gwlrealtyadvisors.com\/fr\/wp-json\/wp\/v2\/pages\/2486\/revisions\/11243"}],"up":[{"embeddable":true,"href":"https:\/\/www.gwlrealtyadvisors.com\/fr\/wp-json\/wp\/v2\/pages\/2482"}],"wp:attachment":[{"href":"https:\/\/www.gwlrealtyadvisors.com\/fr\/wp-json\/wp\/v2\/media?parent=2486"}],"curies":[{"name":"wp","href":"https:\/\/api.w.org\/{rel}","templated":true}]}}