{"id":2494,"date":"2019-04-29T12:51:37","date_gmt":"2019-04-29T16:51:37","guid":{"rendered":"https:\/\/www.gwlrealtyadvisors.com\/?page_id=2494"},"modified":"2020-04-07T16:26:34","modified_gmt":"2020-04-07T20:26:34","slug":"securite","status":"publish","type":"page","link":"https:\/\/www.gwlrealtyadvisors.com\/fr\/securite\/","title":{"rendered":"S\u00e9curit\u00e9"},"content":{"rendered":"<div class=\"wrapper-content\">\r\n<h1>S\u00e9curit\u00e9<\/h1>\r\n<\/div>\r\n<div class=\"wrapper-content paddingbottom\">\r\n<h2>D\u00e9claration relative \u00e0 la s\u00e9curit\u00e9 Internet<\/h2>\r\n<p>\u00c9tant une filiale en propri\u00e9t\u00e9 exclusive de La Compagnie d\u2019Assurance du Canada sur la Vie, la soci\u00e9t\u00e9 Conseillers immobiliers GWL inc. (\u00ab CIGWL \u00bb) reconna\u00eet et respecte l\u2019importance de la s\u00e9curit\u00e9. Cette D\u00e9claration relative \u00e0 la s\u00e9curit\u00e9 Internet traite des mesures prises par la soci\u00e9t\u00e9 CIGWL pour prot\u00e9ger vos renseignements personnels. Cette D\u00e9claration relative \u00e0 la s\u00e9curit\u00e9 Internet est modifiable sans pr\u00e9avis; aussi, nous vous recommandons de la consulter r\u00e9guli\u00e8rement. Votre utilisation ce site Web confirme que vous reconnaissez avoir lu et compris la pr\u00e9sente D\u00e9claration relative \u00e0 la s\u00e9curit\u00e9 Internet, modifi\u00e9e p\u00e9riodiquement.<\/p>\r\n<h2>Cryptage<\/h2>\r\n<p>La technologie de cryptage sert \u00e0 s\u00e9curiser les communications personnelles et confidentielles entre votre ordinateur et les serveurs de la soci\u00e9t\u00e9 CIGWL afin qu\u2019elles ne puissent \u00eatre lues par des tiers. Cette protection est r\u00e9alis\u00e9e par le \u00ab&nbsp;brouillage&nbsp;\u00bb des communications, de sorte qu\u2019elles sont illisibles pour quiconque autre que vous-m\u00eame ou la soci\u00e9t\u00e9 CIGWL. Les applications Web de la soci\u00e9t\u00e9 CIGWL requi\u00e8rent le protocole de cryptage SSL de 128 bits \u2013 la norme en mati\u00e8re de cryptage et de protection des sites Web. Vous pouvez confirmer qu\u2019un site Web donn\u00e9 de la soci\u00e9t\u00e9 CIGWL est bel et bien crypt\u00e9 en recherchant l\u2019ic\u00f4ne du cadenas dor\u00e9 ou de la cl\u00e9 figurant au bas de votre fen\u00eatre de navigateur, les symboles utilis\u00e9s par la plupart des navigateurs pour indiquer une connexion s\u00e9curis\u00e9e.<\/p>\r\n<h2>T\u00e9moins<\/h2>\r\n<p>Les t\u00e9moins sont de petits \u00e9l\u00e9ments de donn\u00e9es que les sites Web enregistrent dans votre navigateur. Ces fichiers de donn\u00e9es contiennent des renseignements que le site peut utiliser pour suivre et classer les pages que vous avez consult\u00e9es et pour recueillir de l\u2019information. Certains sites Web de la soci\u00e9t\u00e9 CIGWL utilisent des t\u00e9moins pour mesurer l\u2019activit\u00e9 du site Web et adapter l\u2019information \u00e0 vos centres d\u2019int\u00e9r\u00eat. Cela nous aide \u00e0 offrir une exp\u00e9rience sup\u00e9rieure, qui est rapide, s\u00e9curis\u00e9e et personnalis\u00e9e.<\/p>\r\n<h2>D\u00e9passement du temps limite et fermeture automatique de session<\/h2>\r\n<p>Certains sites Web de la soci\u00e9t\u00e9 CIGWL peuvent demander que vous vous connectiez au moyen d\u2019un nom d\u2019utilisateur et d\u2019un mot de passe. Une fois la session ouverte, si vous laissez votre fen\u00eatre de navigateur inactive pendant plus de 25&nbsp;minutes, l\u2019application de la soci\u00e9t\u00e9 CIGWL mettra automatiquement fin \u00e0 la session. De m\u00eame, si vous fermez la fen\u00eatre de votre navigateur sans mettre fin \u00e0 la session, cette derni\u00e8re peut \u00eatre ferm\u00e9e automatiquement. Ces deux mesures ont pour but de prot\u00e9ger vos renseignements et d\u2019\u00e9viter qu\u2019ils soient intercept\u00e9s par un tiers ou utilis\u00e9s par un autre utilisateur de votre ordinateur.<\/p>\r\n<h2>Courriels frauduleux et hame\u00e7onnage<\/h2>\r\n<p>Faites preuve de prudence lorsque des courriels et des sites Web, pr\u00e9tendant repr\u00e9senter une entreprise l\u00e9gitime, vous demandent de fournir des renseignements confidentiels ou de nature financi\u00e8re. C\u2019est ce que l\u2019on appelle <em>hame\u00e7onnage<\/em>. Le contenu d\u2019un courriel ou d\u2019un message texte d\u2019hame\u00e7onnage vise \u00e0 vous faire r\u00e9agir rapidement. Il peut utiliser des renseignements offensants ou captivants, exiger une r\u00e9ponse rapide ou employer un faux-semblant ou un \u00e9nonc\u00e9 erron\u00e9. En g\u00e9n\u00e9ral, les messages d\u2019hame\u00e7onnage ne sont pas personnalis\u00e9s.<\/p>\r\n<p>La soci\u00e9t\u00e9 CIGWL ne vous enverra pas de courriel pour vous demander de fournir ou de confirmer votre num\u00e9ro d\u2019identification personnel (NIP), votre mot de passe ou tout autre renseignement confidentiel ou de nature financi\u00e8re, sauf en r\u00e9ponse \u00e0 une demande de renseignement de votre part. Si vous recevez une demande de ce genre, si vous avez des pr\u00e9occupations concernant la validit\u00e9 d\u2019un courriel de la soci\u00e9t\u00e9 CIGWL, d\u2019un site Web pr\u00e9tendant \u00eatre de la soci\u00e9t\u00e9 CIGWL, ou si vous avez des questions au sujet de notre s\u00e9curit\u00e9 en ligne, <a href=\"mailto:InfoSecurity@greatwestlife.com\">veuillez nous en informer imm\u00e9diatement<\/a>. Veuillez joindre \u00e0 la communication que vous nous ferez parvenir tout courriel suspect dans sa forme originale ou, dans le cas d\u2019un site Web, veuillez indiquer l\u2019adresse URL (l\u2019adresse du site Web).<\/p>\r\n<p>Pour plus d\u2019informations sur les diff\u00e9rents types de courriels frauduleux et hame\u00e7onnage, veuillez consulter la page <a href=\"http:\/\/www.rcmp-grc.gc.ca\/scams-fraudes\/phishing-fra.htm\" target=\"_blank\" rel=\"noopener noreferrer\">Courriels frauduleux et hame\u00e7onnage (phishing)<\/a> sur le site Web de la GRC.<\/p>\r\n<h2>Autres mesures de s\u00e9curit\u00e9<\/h2>\r\n<p>La soci\u00e9t\u00e9 CIGWL met en place d\u2019autres cadres de s\u00e9curit\u00e9 pour assurer la s\u00fbret\u00e9 et la confidentialit\u00e9 de vos renseignements personnels. Nous avons notamment adopt\u00e9 diverses mesures visant \u00e0 prot\u00e9ger nos ordinateurs contre le piratage et les virus informatiques. Nous surveillons jour et nuit notre site Web, nos serveurs, nos courriels et nos donn\u00e9es afin de d\u00e9celer imm\u00e9diatement tout probl\u00e8me et d\u2019y rem\u00e9dier rapidement. Il est \u00e0 noter que tous les courriels et toutes les pi\u00e8ces jointes envoy\u00e9s \u00e0 l\u2019organisation peuvent \u00eatre analys\u00e9s pour d\u00e9tecter les virus en provenance d\u2019un prestataire de services externe. La num\u00e9risation peut \u00eatre faite \u00e0 l\u2019ext\u00e9rieur du Canada.<\/p>\r\n<h2>Conseils en mati\u00e8re de s\u00e9curit\u00e9<\/h2>\r\n<p>Vous pouvez \u00e9galement contribuer \u00e0 la s\u00e9curit\u00e9 de vos renseignements personnels, et ce, en suivant quelques principes de base&nbsp;:<\/p>\r\n<p>Pour les sites de la soci\u00e9t\u00e9 CIGWL dont l\u2019acc\u00e8s requiert un mot de passe&nbsp;:<\/p>\r\n<ul>\r\n\t<li>Choisissez un mot de passe unique et difficile \u00e0 deviner. Id\u00e9alement, le mot de passe comportera une combinaison de lettres majuscules et minuscules et de chiffres. \u00c9vitez de choisir un mot de passe fond\u00e9 sur votre nom de famille ou le nom de votre animal de compagnie, ou encore sur une date d\u2019anniversaire ou sur un mot r\u00e9pertori\u00e9 dans les dictionnaires.<\/li>\r\n\t<li>M\u00e9morisez votre mot de passe et ne le divulguez pas \u00e0 quiconque. Prenez note que personne \u00e0 la soci\u00e9t\u00e9 CIGWL ne communiquera avec vous par courriel ou par t\u00e9l\u00e9phone pour vous demander votre mot de passe.<\/li>\r\n\t<li>Si vous croyez que quelqu\u2019un est en possession de votre mot de passe, changez-le imm\u00e9diatement en ouvrant une session et en cliquant sur l\u2019onglet&nbsp;Votre profil. \u00c0 la section&nbsp;Votre profil, suivez les instructions simples pour modifier votre mot de passe.<\/li>\r\n\t<li>Si vous utilisez un ordinateur dans un endroit public (comme dans un caf\u00e9 Internet ou un bureau \u00e0 aire ouverte au travail), assurez-vous que personne ne peut voir votre mot de passe lorsque vous le tapez et prenez soin de bien fermer la session et d\u2019effacer le contenu du cache une fois que vous avez termin\u00e9 d\u2019utiliser le site.<\/li>\r\n\t<li>Ex\u00e9cutez la version \u00e0 jour du logiciel antivirus et de l\u2019antiespiogiciel sur votre ordinateur, afin de vous assurer que celui-ci ne contient pas de programmes malveillants tels que virus, vers ou logiciels espions (fouinards informatiques qui recueillent des renseignements confidentiels sur votre ordinateur et les divulguent \u00e0 des tiers sans votre consentement).<\/li>\r\n\t<li>Apr\u00e8s avoir utilis\u00e9 une application de la soci\u00e9t\u00e9 CIGWL, effacez le contenu du cache de votre navigateur, puis fermez ce dernier. Le cache est l\u2019endroit o\u00f9 un navigateur conserve une copie des pages Web que vous avez r\u00e9cemment consult\u00e9es. En supprimant le cache, vous veillez \u00e0 ce que personne d\u2019autre ne puisse voir ces pages, y compris le prochain site Web que vous visiterez.<\/li>\r\n<\/ul>\r\n<\/div>","protected":false},"excerpt":{"rendered":"S\u00e9curit\u00e9 D\u00e9claration relative \u00e0 la s\u00e9curit\u00e9 Internet \u00c9tant une filiale en propri\u00e9t\u00e9 exclusive de La Compagnie d\u2019Assurance du Canada sur la Vie, la soci\u00e9t\u00e9 Conseillers immobiliers GWL inc. (\u00ab CIGWL \u00bb) reconna\u00eet et respecte l\u2019importance de la s\u00e9curit\u00e9. Cette D\u00e9claration relative \u00e0 la s\u00e9curit\u00e9 Internet traite des mesures prises par la soci\u00e9t\u00e9 CIGWL pour prot\u00e9ger [&hellip;]","protected":false},"author":1,"featured_media":0,"parent":0,"menu_order":160,"comment_status":"closed","ping_status":"closed","template":"","meta":{"_acf_changed":false,"footnotes":""},"class_list":["post-2494","page","type-page","status-publish","hentry"],"acf":[],"_links":{"self":[{"href":"https:\/\/www.gwlrealtyadvisors.com\/fr\/wp-json\/wp\/v2\/pages\/2494","targetHints":{"allow":["GET"]}}],"collection":[{"href":"https:\/\/www.gwlrealtyadvisors.com\/fr\/wp-json\/wp\/v2\/pages"}],"about":[{"href":"https:\/\/www.gwlrealtyadvisors.com\/fr\/wp-json\/wp\/v2\/types\/page"}],"author":[{"embeddable":true,"href":"https:\/\/www.gwlrealtyadvisors.com\/fr\/wp-json\/wp\/v2\/users\/1"}],"replies":[{"embeddable":true,"href":"https:\/\/www.gwlrealtyadvisors.com\/fr\/wp-json\/wp\/v2\/comments?post=2494"}],"version-history":[{"count":6,"href":"https:\/\/www.gwlrealtyadvisors.com\/fr\/wp-json\/wp\/v2\/pages\/2494\/revisions"}],"predecessor-version":[{"id":11249,"href":"https:\/\/www.gwlrealtyadvisors.com\/fr\/wp-json\/wp\/v2\/pages\/2494\/revisions\/11249"}],"wp:attachment":[{"href":"https:\/\/www.gwlrealtyadvisors.com\/fr\/wp-json\/wp\/v2\/media?parent=2494"}],"curies":[{"name":"wp","href":"https:\/\/api.w.org\/{rel}","templated":true}]}}