{"id":2543,"date":"2019-04-29T13:03:42","date_gmt":"2019-04-29T17:03:42","guid":{"rendered":"https:\/\/www.gwlrealtyadvisors.com\/?page_id=2543"},"modified":"2022-08-02T12:11:17","modified_gmt":"2022-08-02T16:11:17","slug":"recherche","status":"publish","type":"page","link":"https:\/\/www.gwlrealtyadvisors.com\/fr\/recherche\/","title":{"rendered":"Recherche"},"content":{"rendered":"<div class=\"wrapper-content\">\r\n            \r\n            <h1>Recherche<\/h1>\r\n<p>Des chercheurs internes analysent les d\u00e9terminants du rendement du secteur de l\u2019immobilier, afin de renforcer le portefeuille de nos clients et soutenir leur prise de d\u00e9cisions concernant les placements et les am\u00e9nagements.<\/p>\r\n         <\/div>\r\n         \r\n         <div class=\"wrapper-content\">\r\n                  <div class=\"postlist postlist--two featured-reports\">\n                     <div class=\"report postlist__item\">\n               <a href=\"\/fr\/research_report\/les-employes-de-bureau-sont-de-retour-et-apprecient-les-locaux-mis-a-jour-le-sondage-de-conseillers-immobiliers-gwl-de-2024-sur-les-locataires-de-bureaux\/\">\n                  <div class=\"postlist__header\">\n                     <div class=\"report__title postlist__title\">Les employ\u00e9s de bureau sont de retour et appr\u00e9cient les locaux mis \u00e0 jour : Le sondage de Conseillers immobiliers GWL de 2024 sur les locataires de bureaux<\/div>\n                     <div class=\"report__date postlist__date\">4 mars 2025<\/div>\n                  <\/div>\n                  <div class=\"report__image postlist__image\">\n                     <img decoding=\"async\" src=\"\/wp-content\/uploads\/2025\/02\/banner-1024x259.jpg\" alt=\"Image d&#039;une entr&eacute;e d&#039;un caf&eacute; d&#039;allure moderne\" \/>\n                  <\/div>\n                  <p class=\"report__excerpt postlist__excerpt\"> <span class=\"report__more postlist__more\">En lire plus<\/span><\/p>\n               <\/a>\n            <\/div>\n                     <div class=\"report postlist__item\">\n               <a href=\"\/fr\/research_report\/la-nouvelle-politique-dimmigration-du-canada-et-la-demande-en-matiere-dimmobilier\/\">\n                  <div class=\"postlist__header\">\n                     <div class=\"report__title postlist__title\">La nouvelle politique d\u2019immigration du Canada et la demande en mati\u00e8re d\u2019immobilier<\/div>\n                     <div class=\"report__date postlist__date\">5 novembre 2024<\/div>\n                  <\/div>\n                  <div class=\"report__image postlist__image\">\n                     <img decoding=\"async\" src=\"\/wp-content\/uploads\/2024\/11\/header.jpg\" alt=\"\" \/>\n                  <\/div>\n                  <p class=\"report__excerpt postlist__excerpt\">Les nouvelles politiques d\u2019immigration du gouvernement canadien visent \u00e0 r\u00e9duire le no... <span class=\"report__more postlist__more\">En lire plus<\/span><\/p>\n               <\/a>\n            <\/div>\n                     <div class=\"report postlist__item\">\n               <a href=\"\/fr\/research_report\/la-comprehension-du-segment-des-immeubles-de-bureaux-en-2024-les-cycles-normaux-du-marche-des-immeubles-de-bureaux-sont-confrontes-a-lere-du-travail-numerique-et-sans-papier\/\">\n                  <div class=\"postlist__header\">\n                     <div class=\"report__title postlist__title\">La compr\u00e9hension du segment des immeubles de bureaux en 2024 : Les cycles normaux du march\u00e9 des immeubles de bureaux sont confront\u00e9s \u00e0 l\u2019\u00e8re du travail num\u00e9rique et sans papier<\/div>\n                     <div class=\"report__date postlist__date\">21 ao\u00fbt 2024<\/div>\n                  <\/div>\n                  <div class=\"report__image postlist__image\">\n                     <img decoding=\"async\" src=\"\/wp-content\/uploads\/2024\/08\/research-report-aug-2024-1024x532.jpg\" alt=\"\" \/>\n                  <\/div>\n                  <p class=\"report__excerpt postlist__excerpt\">Les taux d\u2019inoccupation des bureaux apr\u00e8s la COVID ont augment\u00e9 en raison de facteurs ... <span class=\"report__more postlist__more\">En lire plus<\/span><\/p>\n               <\/a>\n            <\/div>\n                     <div class=\"report postlist__item\">\n               <a href=\"\/fr\/research_report\/les-employes-de-bureau-canadiens-tendance-au-retour-au-travail\/\">\n                  <div class=\"postlist__header\">\n                     <div class=\"report__title postlist__title\">Les employ\u00e9s de bureau canadiens : Tendance au retour au travail<\/div>\n                     <div class=\"report__date postlist__date\">18 septembre 2023<\/div>\n                  <\/div>\n                  <div class=\"report__image postlist__image\">\n                     <img decoding=\"async\" src=\"\/wp-content\/uploads\/2023\/09\/Canadian-Office-Workers-GWLRA-1024x465.jpg\" alt=\"\" \/>\n                  <\/div>\n                  <p class=\"report__excerpt postlist__excerpt\">Les employ\u00e9s de bureau canadiens reviennent discr\u00e8tement au bureau et un plus grand nomb... <span class=\"report__more postlist__more\">En lire plus<\/span><\/p>\n               <\/a>\n            <\/div>\n                        <\/div>\n   \r\n            \r\n         <\/div>\r\n         \r\n         \r\n         \r\n         <div class=\"content-group\">\r\n            <div class=\"wrapper-content paddingbottom\">\r\n               \r\n               \r\n                     <div class=\"js-browser browser\" data-settings='{\"perpage\":\"10\",\"category\":\"\",\"country\":\"\",\"featured\":-1,\"action\":\"getRearchReports\"}' data-text='{\"pagination\":\"Page\",\"nextPage\":\"Page suivante\",\"previousPage\":\"Page pr\\u00e9c\\u00e9dente\",\"page\":\"Page\"}' data-jsconfig='[]'>\n         <div class=\"browser__filters\"><\/div>\n         <div class=\"browser__results\" role=\"region\" aria-live=\"polite\"><\/div>\n         <div class=\"browser__pagination\" role=\"navigation\" aria-label=\"Page\"><\/div>\n      <\/div>\n      \r\n               \r\n               \r\n               \r\n               <h2>Approche multidisciplinaire<\/h2>\r\n               <p>L\u2019approche multidisciplinaire de la soci\u00e9t\u00e9 Conseillers immobiliers GWL en ce qui a trait \u00e0 la recherche offre un avantage concurrentiel&nbsp;\u2013 pour nos clients et notre entreprise. En plus d\u2019analyser les forces \u00e9conomiques et celles du march\u00e9 financier qui stimulent le rendement de l\u2019immobilier, nous \u00e9tudions les th\u00e8mes g\u00e9n\u00e9raux li\u00e9s aux aspects sociaux, technologiques et d\u00e9mographiques affectant les march\u00e9s. Combin\u00e9e avec les techniques de recherche qualitative et quantitative, cette perspective holistique offre un panorama complet des bases et des tendances de l\u2019immobilier.<\/p>\r\n               <p>Notre \u00e9quipe de recherche participe \u00e0 plusieurs \u00e9tapes du processus d\u2019investissement et de gestion, depuis l\u2019\u00e9laboration de la proposition initiale d\u2019investissement et la justification venant appuyer les d\u00e9cisions de transaction et fa\u00e7onner la strat\u00e9gie de conception pour l\u2019am\u00e9nagement. Elle produit \u00e9galement des rapports exclusifs pour les clients et publie des rapports et notes de recherche externes qu\u2019elle rend accessibles sur notre site Web. <\/p>\r\n               \r\n            <\/div>\r\n         <\/div>","protected":false},"excerpt":{"rendered":"Recherche Des chercheurs internes analysent les d\u00e9terminants du rendement du secteur de l\u2019immobilier, afin de renforcer le portefeuille de nos clients et soutenir leur prise de d\u00e9cisions concernant les placements et les am\u00e9nagements. Approche multidisciplinaire L\u2019approche multidisciplinaire de la soci\u00e9t\u00e9 Conseillers immobiliers GWL en ce qui a trait \u00e0 la recherche offre un avantage concurrentiel&nbsp;\u2013 [&hellip;]","protected":false},"author":1,"featured_media":0,"parent":0,"menu_order":110,"comment_status":"closed","ping_status":"closed","template":"","meta":{"_acf_changed":false,"footnotes":""},"class_list":["post-2543","page","type-page","status-publish","hentry"],"acf":[],"_links":{"self":[{"href":"https:\/\/www.gwlrealtyadvisors.com\/fr\/wp-json\/wp\/v2\/pages\/2543","targetHints":{"allow":["GET"]}}],"collection":[{"href":"https:\/\/www.gwlrealtyadvisors.com\/fr\/wp-json\/wp\/v2\/pages"}],"about":[{"href":"https:\/\/www.gwlrealtyadvisors.com\/fr\/wp-json\/wp\/v2\/types\/page"}],"author":[{"embeddable":true,"href":"https:\/\/www.gwlrealtyadvisors.com\/fr\/wp-json\/wp\/v2\/users\/1"}],"replies":[{"embeddable":true,"href":"https:\/\/www.gwlrealtyadvisors.com\/fr\/wp-json\/wp\/v2\/comments?post=2543"}],"version-history":[{"count":8,"href":"https:\/\/www.gwlrealtyadvisors.com\/fr\/wp-json\/wp\/v2\/pages\/2543\/revisions"}],"predecessor-version":[{"id":6982,"href":"https:\/\/www.gwlrealtyadvisors.com\/fr\/wp-json\/wp\/v2\/pages\/2543\/revisions\/6982"}],"wp:attachment":[{"href":"https:\/\/www.gwlrealtyadvisors.com\/fr\/wp-json\/wp\/v2\/media?parent=2543"}],"curies":[{"name":"wp","href":"https:\/\/api.w.org\/{rel}","templated":true}]}}