{"id":2545,"date":"2019-04-29T13:03:55","date_gmt":"2019-04-29T17:03:55","guid":{"rendered":"https:\/\/www.gwlrealtyadvisors.com\/?page_id=2545"},"modified":"2025-01-16T14:34:33","modified_gmt":"2025-01-16T19:34:33","slug":"contactez-nous","status":"publish","type":"page","link":"https:\/\/www.gwlrealtyadvisors.com\/fr\/contactez-nous\/","title":{"rendered":"Contactez-nous"},"content":{"rendered":"<div class=\"wrapper-content\">\r\n  <h1>Contactez-nous<\/h1>\r\n<\/div>\r\n<div class=\"content-group paddingbottom\">\r\n  <div class=\"wrapper-content\">\r\n    <p>Avez-vous une question au sujet de la soci\u00e9t\u00e9 Conseillers immobiliers GWL? Pour communiquer avec nous, veuillez faire un choix dans la liste suivante. Nous vous r\u00e9pondrons le plus rapidement possible.<\/p>\r\n    <h2>Immeubles de bureaux<\/h2>\r\n    <div class=\"offices\">\r\n      <div class=\"office\">\r\n        <h3>Si\u00e8ge social<\/h3>\r\n        <p>33, rue Yonge<br \/>\r\n          bureau 1000<br \/>\r\n          Toronto (Ontario)\u2002M5E&nbsp;1G4<br \/>\r\n          T\u00e9l\u00e9phone&nbsp;: (416) 507-2929<br \/>\r\n          T\u00e9l\u00e9copieur&nbsp;: (416) 361-0882<\/p>\r\n      <\/div>\r\n      <div class=\"office\">\r\n        <h3>Mississauga<\/h3>\r\n        <p>One City Centre Drive<br \/>\r\n          bureau 300<br \/>\r\n          Mississauga (Ontario)\u2002L5B&nbsp;1M2<br \/>\r\n          T\u00e9l\u00e9phone&nbsp;: (905) 275-6600<br \/>\r\n          T\u00e9l\u00e9copieur&nbsp;: (905) 615-8128<\/p>\r\n      <\/div>\r\n      <div class=\"office\">\r\n        <h3>Vancouver<\/h3>\r\n        <p>650, rue Georgia Ouest<br \/>\r\n          bureau 1600<br \/>\r\n          Vancouver (Colombie-Britannique)\u2002V6B&nbsp;4N7<br \/>\r\n          T\u00e9l\u00e9phone&nbsp;: (604) 713-6450<br \/>\r\n          T\u00e9l\u00e9copieur&nbsp;: (604) 683-3264<\/p>\r\n      <\/div>\r\n      <div class=\"office\">\r\n        <h3>Toronto (immeubles r\u00e9sidentiels \u00e0 logements multiples&nbsp;\u2013 Conseillers immobiliers GWL&nbsp;\u2013 Immeubles r\u00e9sidentiels)<\/h3>\r\n        <p>33, rue Yonge<br \/>\r\n          bureau 1000<br \/>\r\n          Toronto (Ontario)\u2002M5E&nbsp;1G4<br \/>\r\n          T\u00e9l\u00e9phone : (416) 507-2929<br \/>\r\n          T\u00e9l\u00e9copieur&nbsp;: (416) 361-0882<\/p>\r\n      <\/div>\r\n      <div class=\"office\">\r\n        <h3>Calgary<\/h3>\r\n        <p>530, 8<sup>th<\/sup> Avenue South West<br \/>\r\n          bureau 1900<br \/>\r\n          Calgary (Alberta)\u2002T2P&nbsp;3S8<br \/>\r\n          T\u00e9l\u00e9phone&nbsp;: (403) 777-0410<br \/>\r\n          T\u00e9l\u00e9copieur&nbsp;: (403) 269-3266<\/p>\r\n      <\/div>\r\n      <div class=\"office\">\r\n        <h3>Halifax<\/h3>\r\n        <p>Purdy\u2019s Wharf<br \/>\r\n          205 &#8211; 1959, rue Upper Water<br \/>\r\n          Halifax (Nouvelle-\u00c9cosse)\u2002B3J 3N2<br \/>\r\n          T\u00e9l\u00e9phone&nbsp;: (902) 421-1122<br \/>\r\n          T\u00e9l\u00e9copieur&nbsp;: (902) 423-1894<\/p>\r\n      <\/div>\r\n      <div class=\"office\">\r\n        <h3>Edmonton<\/h3>\r\n        <p>10065, avenue Jasper<br \/>\r\n          bureau 800<br \/>\r\n          Edmonton (Alberta)\u2002T5J&nbsp;3B1<br \/>\r\n          T\u00e9l\u00e9phone&nbsp;: (780) 944-1222<br \/>\r\n          T\u00e9l\u00e9copieur&nbsp;: (780) 428-4047<\/p>\r\n      <\/div>\r\n      <div class=\"office\">\r\n        <h3>Ottawa<\/h3>\r\n        <p>255, rue Albert<br \/>\r\n          bureau 502<br \/>\r\n          Ottawa (Ontario)\u2002K1P 6A9<br \/>\r\n          T\u00e9l\u00e9phone&nbsp;: (613) 238-2333<br \/>\r\n          T\u00e9l\u00e9copieur&nbsp;: (613) 238-2006<\/p>\r\n      <\/div>\r\n      <div class=\"office\">\r\n        <h3>Winnipeg<\/h3>\r\n        <p>200, avenue Graham<br \/>\r\n          bureaux 700&nbsp;<br \/>\r\n          Winnipeg (Manitoba)\u2002R3C 4L5<br \/>\r\n          T\u00e9l\u00e9phone&nbsp;: (204) 926-5394<br \/>\r\n          T\u00e9l\u00e9copieur&nbsp;: (204) 946-8849<\/p>\r\n      <\/div>\r\n      <div class=\"office\">\r\n        <h3>Montr\u00e9al<\/h3>\r\n        <p>1350 boul. Ren\u00e9-L\u00e9vesque O<br \/>\r\n          bureau M1300<br \/>\r\n          Montr\u00e9al (Qu\u00e9bec)\u2002H3G 1T4<br \/>\r\n          T\u00e9l\u00e9phone : (514) 807-1350<\/p>\r\n      <\/div>\r\n    <\/div>\r\n    <h2>Locataires commerciaux<\/h2>\r\n    <p><a href=\"http:\/\/www.ng1.angusanywhere.com\/tenant\/GWL\/GWLFrench\/default.aspx\" target=\"_blank\" rel=\"noopener noreferrer\"><span class=\"btn btn--blue\">OneServe<\/span><\/a><\/p>\r\n    <ul>\r\n      <li>Soumettre des demandes d\u2019entretien<\/li>\r\n      <li>Acc\u00e9der aux manuels et formulaires des locataires propres \u00e0 chaque immeuble<\/li>\r\n    <\/ul>\r\n    <h2>R\u00e9sidents<\/h2>\r\n    <p><a href=\"https:\/\/www.gwlraresidential.com\" target=\"_blank\" rel=\"noopener noreferrer\"><span class=\"btn btn--blue\">Portail des r\u00e9sidents<\/span><\/a><\/p>\r\n    <ul>\r\n      <li>Soumettre des demandes d\u2019entretien<\/li>\r\n    <\/ul>\r\n  \r\n    <div class=\"reporter reporter--noimage\">\r\n      <div class=\"reporter__text\">\r\n        <div class=\"reporter__heading\">Responsable des m\u00e9dias<\/div>\r\n        <div class=\"reporter__name\">Dahlia de Rushe<\/div>\r\n        <div class=\"reporter__title\">Directrice principale, marketing et communications<\/div>\r\n        <div class=\"reporter__email\">\r\n          <p><a href=\"mailto:dahlia.derushe@gwlra.com\">dahlia.derushe@gwlra.com <\/a><\/p>\r\n        <\/div>\r\n      <\/div>\r\n    <\/div>\r\n  <\/div>\r\n<\/div>","protected":false},"excerpt":{"rendered":"Contactez-nous Avez-vous une question au sujet de la soci\u00e9t\u00e9 Conseillers immobiliers GWL? Pour communiquer avec nous, veuillez faire un choix dans la liste suivante. Nous vous r\u00e9pondrons le plus rapidement possible. Immeubles de bureaux Si\u00e8ge social 33, rue Yonge bureau 1000 Toronto (Ontario)\u2002M5E&nbsp;1G4 T\u00e9l\u00e9phone&nbsp;: (416) 507-2929 T\u00e9l\u00e9copieur&nbsp;: (416) 361-0882 Mississauga One City Centre Drive bureau [&hellip;]","protected":false},"author":1,"featured_media":0,"parent":0,"menu_order":120,"comment_status":"closed","ping_status":"closed","template":"","meta":{"_acf_changed":false,"footnotes":""},"class_list":["post-2545","page","type-page","status-publish","hentry"],"acf":[],"_links":{"self":[{"href":"https:\/\/www.gwlrealtyadvisors.com\/fr\/wp-json\/wp\/v2\/pages\/2545","targetHints":{"allow":["GET"]}}],"collection":[{"href":"https:\/\/www.gwlrealtyadvisors.com\/fr\/wp-json\/wp\/v2\/pages"}],"about":[{"href":"https:\/\/www.gwlrealtyadvisors.com\/fr\/wp-json\/wp\/v2\/types\/page"}],"author":[{"embeddable":true,"href":"https:\/\/www.gwlrealtyadvisors.com\/fr\/wp-json\/wp\/v2\/users\/1"}],"replies":[{"embeddable":true,"href":"https:\/\/www.gwlrealtyadvisors.com\/fr\/wp-json\/wp\/v2\/comments?post=2545"}],"version-history":[{"count":15,"href":"https:\/\/www.gwlrealtyadvisors.com\/fr\/wp-json\/wp\/v2\/pages\/2545\/revisions"}],"predecessor-version":[{"id":9557,"href":"https:\/\/www.gwlrealtyadvisors.com\/fr\/wp-json\/wp\/v2\/pages\/2545\/revisions\/9557"}],"wp:attachment":[{"href":"https:\/\/www.gwlrealtyadvisors.com\/fr\/wp-json\/wp\/v2\/media?parent=2545"}],"curies":[{"name":"wp","href":"https:\/\/api.w.org\/{rel}","templated":true}]}}