{"id":2595,"date":"2019-04-29T14:59:48","date_gmt":"2019-04-29T18:59:48","guid":{"rendered":"https:\/\/www.gwlrealtyadvisors.com\/?page_id=2595"},"modified":"2024-02-14T15:20:53","modified_gmt":"2024-02-14T20:20:53","slug":"autres-projets-acheves","status":"publish","type":"page","link":"https:\/\/www.gwlrealtyadvisors.com\/fr\/portefeuilles\/amenagement\/autres-projets-acheves\/","title":{"rendered":"Autres projets achev\u00e9s"},"content":{"rendered":"<div class=\"wrapper-content\">\r\n\r\n   <h1>Autres projets achev\u00e9s<\/h1>\r\n<p>(R\u00e9alis\u00e9 entre 2013 et 2023)<\/p>\r\n<\/div>\r\n\r\n<div class=\"wrapper-content paddingbottom\">\r\n         <div class=\"js-browser browser\" data-settings='{\"perpage\":\"100\",\"status\":\"completed\",\"featured\":\"0\",\"action\":\"getProjects\"}' data-text='{\"pagination\":\"Page\",\"nextPage\":\"Page suivante\",\"previousPage\":\"Page pr\\u00e9c\\u00e9dente\",\"page\":\"Page\"}' data-jsconfig='{\"topoffset\":\"60\"}'>\n         <div class=\"browser__filters\"><\/div>\n         <div class=\"browser__results\" role=\"region\" aria-live=\"polite\"><\/div>\n         <div class=\"browser__pagination\" role=\"navigation\" aria-label=\"Page\"><\/div>\n      <\/div>\n      \r\n\r\n<\/div>\r\n","protected":false},"excerpt":{"rendered":"Autres projets achev\u00e9s (R\u00e9alis\u00e9 entre 2013 et 2023)","protected":false},"author":1,"featured_media":0,"parent":2450,"menu_order":0,"comment_status":"closed","ping_status":"closed","template":"","meta":{"_acf_changed":false,"footnotes":""},"class_list":["post-2595","page","type-page","status-publish","hentry"],"acf":[],"_links":{"self":[{"href":"https:\/\/www.gwlrealtyadvisors.com\/fr\/wp-json\/wp\/v2\/pages\/2595","targetHints":{"allow":["GET"]}}],"collection":[{"href":"https:\/\/www.gwlrealtyadvisors.com\/fr\/wp-json\/wp\/v2\/pages"}],"about":[{"href":"https:\/\/www.gwlrealtyadvisors.com\/fr\/wp-json\/wp\/v2\/types\/page"}],"author":[{"embeddable":true,"href":"https:\/\/www.gwlrealtyadvisors.com\/fr\/wp-json\/wp\/v2\/users\/1"}],"replies":[{"embeddable":true,"href":"https:\/\/www.gwlrealtyadvisors.com\/fr\/wp-json\/wp\/v2\/comments?post=2595"}],"version-history":[{"count":3,"href":"https:\/\/www.gwlrealtyadvisors.com\/fr\/wp-json\/wp\/v2\/pages\/2595\/revisions"}],"predecessor-version":[{"id":8469,"href":"https:\/\/www.gwlrealtyadvisors.com\/fr\/wp-json\/wp\/v2\/pages\/2595\/revisions\/8469"}],"up":[{"embeddable":true,"href":"https:\/\/www.gwlrealtyadvisors.com\/fr\/wp-json\/wp\/v2\/pages\/2450"}],"wp:attachment":[{"href":"https:\/\/www.gwlrealtyadvisors.com\/fr\/wp-json\/wp\/v2\/media?parent=2595"}],"curies":[{"name":"wp","href":"https:\/\/api.w.org\/{rel}","templated":true}]}}