{"id":6961,"date":"2022-08-02T11:57:31","date_gmt":"2022-08-02T15:57:31","guid":{"rendered":"https:\/\/www.gwlrealtyadvisors.com\/?page_id=6961"},"modified":"2025-02-14T10:49:41","modified_gmt":"2025-02-14T15:49:41","slug":"affichage-demploi","status":"publish","type":"page","link":"https:\/\/www.gwlrealtyadvisors.com\/fr\/carrieres\/affichage-demploi\/","title":{"rendered":"Affichage d\u2019emploi"},"content":{"rendered":"<div class=\"wrapper-content margintopnegative\">\r\n<p>En tant que conseiller immobilier, Conseillers Immobiliers GWL ach\u00e8te, vend, d\u00e9veloppe, g\u00e8re et am\u00e9liore des immeubles commerciaux et r\u00e9sidentiels au nom de nos clients, qui sont principalement de gros fonds de pension et des investisseurs institutionnels. Notre impact est tangible et se fait sentir dans des communaut\u00e9s \u00e0 travers le Canada et les \u00c9tats-Unis. Nous faisons une diff\u00e9rence, et tout commence par nos personnels.<\/p>\r\n  <p>Que vous vous int\u00e9ressiez \u00e0 une carri\u00e8re au sein de notre portefeuille commercial ou \u00e0 l\u2019un de nos immeubles g\u00e9r\u00e9s prim\u00e9s dans notre portefeuille r\u00e9sidentiel, nous embauchons des personnes passionn\u00e9es qui sont des penseurs, des ex\u00e9cuteurs et des r\u00e9alisateurs. L\u2019exp\u00e9rience en immobilier est utile, mais, plus que tout, nous cherchons des personnes qui ont le talent n\u00e9cessaire pour faire avancer les choses et qui se prosp\u00e9r\u00e8rent dans un environnement dynamique.<\/p>\r\n  <p>Nous acceptons les diff\u00e9rences et les perspectives et les id\u00e9es uniques, car nous croyons qu\u2019ils nous propulsent vers une performance sup\u00e9rieure. Que nous travaillions dans l\u2019un de nos bureaux, dans une propri\u00e9t\u00e9 g\u00e9r\u00e9e ou dans un projet de d\u00e9veloppement, nous vivons chaque jour nos valeurs d\u2019int\u00e9grit\u00e9, d\u2019ambition, d\u2019empathie et de cr\u00e9ativit\u00e9.<\/p>\r\n  <p>Pour en savoir plus sur les nouvelles possibilit\u00e9s offertes par Conseillers Immobiliers GWL, consultez nos offres d\u2019emploi ci-dessous. Postulez aujourd\u2019hui!<\/p>\r\n<\/div>\r\n<div class=\"wrapper-content marginbottom margintop--small\">\r\n  <div class=\"job-iframe\">\r\n    <iframe src=\"https:\/\/can241.dayforcehcm.com\/CandidatePortal\/fr-CA\/gwlra\" aria-label=\"Affichage d\u2019emploi\"><\/iframe>\r\n  <\/div>\r\n<\/div>\r\n","protected":false},"excerpt":{"rendered":"En tant que conseiller immobilier, Conseillers Immobiliers GWL ach\u00e8te, vend, d\u00e9veloppe, g\u00e8re et am\u00e9liore des immeubles commerciaux et r\u00e9sidentiels au nom de nos clients, qui sont principalement de gros fonds de pension et des investisseurs institutionnels. Notre impact est tangible et se fait sentir dans des communaut\u00e9s \u00e0 travers le Canada et les \u00c9tats-Unis. Nous [&hellip;]","protected":false},"author":1,"featured_media":0,"parent":2482,"menu_order":3,"comment_status":"closed","ping_status":"closed","template":"page-template\/page-with-hero.php","meta":{"_acf_changed":false,"footnotes":""},"class_list":["post-6961","page","type-page","status-publish","hentry"],"acf":[],"_links":{"self":[{"href":"https:\/\/www.gwlrealtyadvisors.com\/fr\/wp-json\/wp\/v2\/pages\/6961","targetHints":{"allow":["GET"]}}],"collection":[{"href":"https:\/\/www.gwlrealtyadvisors.com\/fr\/wp-json\/wp\/v2\/pages"}],"about":[{"href":"https:\/\/www.gwlrealtyadvisors.com\/fr\/wp-json\/wp\/v2\/types\/page"}],"author":[{"embeddable":true,"href":"https:\/\/www.gwlrealtyadvisors.com\/fr\/wp-json\/wp\/v2\/users\/1"}],"replies":[{"embeddable":true,"href":"https:\/\/www.gwlrealtyadvisors.com\/fr\/wp-json\/wp\/v2\/comments?post=6961"}],"version-history":[{"count":6,"href":"https:\/\/www.gwlrealtyadvisors.com\/fr\/wp-json\/wp\/v2\/pages\/6961\/revisions"}],"predecessor-version":[{"id":11244,"href":"https:\/\/www.gwlrealtyadvisors.com\/fr\/wp-json\/wp\/v2\/pages\/6961\/revisions\/11244"}],"up":[{"embeddable":true,"href":"https:\/\/www.gwlrealtyadvisors.com\/fr\/wp-json\/wp\/v2\/pages\/2482"}],"wp:attachment":[{"href":"https:\/\/www.gwlrealtyadvisors.com\/fr\/wp-json\/wp\/v2\/media?parent=6961"}],"curies":[{"name":"wp","href":"https:\/\/api.w.org\/{rel}","templated":true}]}}