{"id":7,"date":"2018-10-17T16:11:54","date_gmt":"2018-10-17T20:11:54","guid":{"rendered":"https:\/\/www.gwlrealtyadvisors.com\/?page_id=7"},"modified":"2026-03-30T08:56:05","modified_gmt":"2026-03-30T12:56:05","slug":"home-fr","status":"publish","type":"page","link":"https:\/\/www.gwlrealtyadvisors.com\/fr\/","title":{"rendered":"Accueil"},"content":{"rendered":"<section class=\"hero\" id=\"hero\">\r\n  <div class=\"wrapper\">\r\n    <div class=\"hero__bg hideMobile\">\r\n      <canvas id=\"hero__video__canvas\" role=\"heading\" aria-level=\"1\" aria-label=\" Cr\u00e9er des collectivit\u00e9s exceptionnelles Pour aujourd\u2019hui et demain\"><\/canvas>\r\n      <video autoplay muted playsinline id=\"hero__video\" src=\"\" data-src=\"\/wp-content\/themes\/worksdesign\/img\/2026\/home\/intro-fr.mp4\"><\/video>\r\n\r\n\r\n    <\/div>\r\n    <div class=\"showMobile\">\r\n      <div class=\"hero__slider imageslider js-imageslider effect-fadein\" data-image-sliding=\"0\" data-hover-timer-skip=\"1\" data-mobile-autoadvance=\"1\">\r\n\r\n        <div class=\"imageslider__images\">\r\n          <div class=\"imageslider__image imageslider__image--active\">\r\n            <img decoding=\"async\" src=\"\/wp-content\/themes\/worksdesign\/img\/2024\/home\/mobile\/hero-1.png\" alt=\"\">\r\n\r\n          <\/div>\r\n          <div class=\"imageslider__image imageslider__image--hidden\">\r\n            <img decoding=\"async\" src=\"\/wp-content\/themes\/worksdesign\/img\/2024\/home\/mobile\/hero-2.png\" alt=\"\">\r\n          <\/div>\r\n\r\n        <\/div>\r\n\r\n\r\n\r\n        <div class=\"imageslider__infos\">\r\n\r\n          <div class=\"imageslider__info imageslider__info--active\" aria-hidden=\"false\">\r\n            <div class=\"hero__slider__content\">\r\n              <h1>\r\n                Cr\u00e9er des <strong>collectivit\u00e9s<\/strong> exceptionnelles\r\n              <\/h1>\r\n\r\n            <\/div>\r\n          <\/div>\r\n          <div class=\"imageslider__info imageslider__info--hidden\" aria-hidden=\"true\">\r\n            <div class=\"hero__slider__content\">\r\n              <h2>\r\n                Pour <strong>aujourd\u2019hui<\/strong> et <strong>demain<\/strong>\r\n              <\/h2>\r\n            <\/div>\r\n          <\/div>\r\n\r\n\r\n\r\n\r\n        <\/div>\r\n        <div class=\"wrapper-content\">\r\n          <nav class=\"imageslider__pagination\">\r\n            <div class=\"imageslider__indicators\"><\/div>\r\n            <span class=\"imageslider__previous js-imageslider-previous\" role=\"button\" title=\"Pr\u00e9c\u00e9dent\"><\/span>\r\n            <span class=\"imageslider__next js-imageslider-next\" role=\"button\" title=\"Suivante\"><\/span>\r\n          <\/nav>\r\n        <\/div>\r\n\r\n      <\/div>\r\n    <\/div>\r\n    <div class=\"hero__videobtn\">\r\n      <a class=\"hero__videobtn__link js-overlay-open js-hash-video-play\" href=\"https:\/\/www.youtube.com\/embed\/yx_XrJd6nWo?autoplay=1\" title=\"Play video\" data-overlay-type=\"youtube\">\r\n        <span class=\"play-btn play-btn--small\">\r\n          <span class=\"play-btn__icon\"><\/span>\r\n          <span class=\"play-btn__label play-btn__label--white\">Visionner maintenant<\/span>\r\n        <\/span>\r\n      <\/a>\r\n    <\/div>\r\n  <\/div>\r\n\r\n\r\n\r\n<\/section>\r\n\r\n\r\n<section class=\"content\">\r\n  <div class=\"wrapper paddingtop\">\r\n    <div class=\"background-text\">\r\n      <div class=\"background-text__image effect-fadein\">\r\n        <img decoding=\"async\" src=\"\/wp-content\/themes\/worksdesign\/img\/2024\/home\/intro.jpg\" alt=\"\">\r\n      <\/div>\r\n      <div class=\"wrapper-content\">\r\n        <div class=\"background-text__content effect-fadein\">\r\n          <p>\r\n            Nous croyons en la cr\u00e9ation de valeur par la construction de <span class=\"_em\">communaut\u00e9s<\/span> durables qui <span class=\"_em\">interpellent<\/span>, <span class=\"_em\">stimulent<\/span> et <span class=\"_em\">inspirent<\/span>.\r\n          <\/p>\r\n        <\/div>\r\n      <\/div>\r\n\r\n    <\/div>\r\n  <\/div>\r\n\r\n  <div class=\"wrapper paddingtop\">\r\n    <div class=\"twocolcta twocolcta--right\">\r\n      <div class=\"twocolcta__image effect-fadein\">\r\n        <img decoding=\"async\" src=\"\/wp-content\/themes\/worksdesign\/img\/2024\/home\/cta-1.jpg\" alt=\"\">\r\n      <\/div>\r\n      <div class=\"twocolcta__content  effect-fadein effect-fadein--delay\">\r\n        <p>\r\n          Nous y parvenons en <span class=\"_em\">respectant<\/span> nos <span class=\"_em\">promesses<\/span>, en nous soutenant les uns les autres ainsi que nos collectivit\u00e9s, et en <span class=\"_em\">accueillant favorablement la diversit\u00e9<\/span> des personnes et des id\u00e9es.\r\n        <\/p>\r\n        <div class=\"twocolcta__action\">\r\n          <a href=\"\/fr\/a-propos-de-nous\/\">\r\n            <span class=\"btn btn--blue\">\u00c0 propos de nous<\/span>\r\n          <\/a>\r\n        <\/div>\r\n\r\n      <\/div>\r\n\r\n    <\/div>\r\n  <\/div>\r\n\r\n\r\n\r\n  <div class=\"wrapper paddingtop\">\r\n    <div class=\"twocolcta\">\r\n      <div class=\"twocolcta__image effect-fadein\">\r\n        <div class=\"simpleimageslider imageslider js-imageslider\" data-image-sliding=\"0\" data-hover-timer-skip=\"1\" data-mobile-autoadvance=\"1\" data-auto-timer=\"4000\">\r\n\r\n          <div class=\"imageslider__images\">\r\n            <div class=\"imageslider__image imageslider__image--active\">\r\n              <img decoding=\"async\" src=\"\/wp-content\/themes\/worksdesign\/img\/2024\/about\/expander-1.jpg\" alt=\"\">\r\n\r\n            <\/div>\r\n            <div class=\"imageslider__image imageslider__image--hidden\">\r\n              <img decoding=\"async\" src=\"\/wp-content\/themes\/worksdesign\/img\/2024\/about\/expander-2.jpg\" alt=\"\">\r\n            <\/div>\r\n            <div class=\"imageslider__image imageslider__image--hidden\">\r\n              <img decoding=\"async\" src=\"\/wp-content\/themes\/worksdesign\/img\/2024\/about\/expander-3.jpg\" alt=\"\">\r\n            <\/div>\r\n            <div class=\"imageslider__image imageslider__image--hidden\">\r\n              <img decoding=\"async\" src=\"\/wp-content\/themes\/worksdesign\/img\/2024\/about\/expander-4.jpg\" alt=\"\">\r\n            <\/div>\r\n\r\n            <ul class=\"twocolcta__specialbuttons\">\r\n              <li><a href=\"\/fr\/louer-chez-nous\/\"><span class=\"twocolcta__arrowbtn\">R\u00e9sidentielles<\/span><\/a><\/li>\r\n              <li><a href=\"\/fr\/louer-chez-nous\/\"><span class=\"twocolcta__arrowbtn\">Industrielles<\/span><\/a><\/li>\r\n              <li><a href=\"\/fr\/louer-chez-nous\/\"><span class=\"twocolcta__arrowbtn\">Commerces de d\u00e9tail<\/span><\/a><\/li>\r\n              <li><a href=\"\/fr\/louer-chez-nous\/\"><span class=\"twocolcta__arrowbtn\">D\u2019immeubles de bureaux<\/span><\/a><\/li>\r\n            <\/ul>\r\n\r\n          <\/div>\r\n\r\n          <div class=\"imageslider__infos\">\r\n            <div class=\"wrapper-content\">\r\n              <div class=\"imageslider__info imageslider__info--active\" aria-hidden=\"false\">\r\n\r\n              <\/div>\r\n              <div class=\"imageslider__info imageslider__info--hidden\" aria-hidden=\"true\">\r\n\r\n              <\/div>\r\n              <div class=\"imageslider__info imageslider__info--hidden\" aria-hidden=\"true\">\r\n\r\n              <\/div>\r\n              <div class=\"imageslider__info imageslider__info--hidden\" aria-hidden=\"true\">\r\n\r\n              <\/div>\r\n\r\n            <\/div>\r\n\r\n\r\n          <\/div>\r\n          <div class=\"wrapper-content\">\r\n            <nav class=\"imageslider__pagination\">\r\n              <div class=\"imageslider__indicators\"><\/div>\r\n              <span class=\"imageslider__previous js-imageslider-previous\" role=\"button\" title=\"Pr\u00e9c\u00e9dent\"><\/span>\r\n              <span class=\"imageslider__next js-imageslider-next\" role=\"button\" title=\"Suivante\"><\/span>\r\n            <\/nav>\r\n          <\/div>\r\n\r\n\r\n\r\n\r\n\r\n\r\n        <\/div>\r\n      <\/div>\r\n      <div class=\"twocolcta__content  effect-fadein effect-fadein--delay\">\r\n        <p>\r\n          En tant que soci\u00e9t\u00e9 de conseillers en placements immobiliers \u00e0 port\u00e9e nationale, nous g\u00e9rons un portefeuille diversifi\u00e9 constitu\u00e9 de propri\u00e9t\u00e9s <span class=\"_em\">r\u00e9sidentielles<\/span> et <span class=\"_em\">industrielles<\/span>, de <span class=\"_em\">commerces de d\u00e9tail<\/span> et <span class=\"_em\">d\u2019immeubles de bureaux<\/span>.\r\n\r\n        <\/p>\r\n        <div class=\"twocolcta__action\">\r\n          <a href=\"\/fr\/louer-chez-nous\/\">\r\n            <span class=\"btn btn--blue\">Louer chez nous<\/span>\r\n          <\/a>\r\n        <\/div>\r\n\r\n      <\/div>\r\n\r\n    <\/div>\r\n  <\/div>\r\n\r\n\r\n\r\n  <div class=\"wrapper paddingtop\">\r\n    <div class=\"twocolcta twocolcta--right\">\r\n      <div class=\"twocolcta__image effect-fadein\"><img decoding=\"async\" src=\"\/wp-content\/themes\/worksdesign\/img\/2024\/home\/invest-with-us.jpg\" alt=\"\" \/>\r\n\r\n      <\/div>\r\n      <div class=\"twocolcta__content  effect-fadein effect-fadein--delay\">\r\n        <p>\u00c9coutez \u00ab&nbsp;Building Blocks&nbsp;\u00bb&nbsp;\u2013 une nouvelle s\u00e9rie de balados offrant un aper\u00e7u des tendances immobili\u00e8res et de notre strat\u00e9gie globale d\u2019investissement.<\/p>\r\n        <div class=\"twocolcta__action\"><a href=\"\/fr\/investissez-avec-nous\/\"> <span class=\"btn btn--blue\">Investissez avec nous<\/span> <\/a><\/div>\r\n      <\/div>\r\n    <\/div>\r\n  <\/div>\r\n\r\n\r\n  <div class=\"wrapper paddingtop\">\r\n    <div class=\"twocolcta twocolcta--left\">\r\n      <div class=\"twocolcta__image effect-fadein\">\r\n        <img decoding=\"async\" src=\"\/wp-content\/themes\/worksdesign\/img\/2024\/home\/cta-3.jpg\" alt=\"Le Livmore, Montr\u00e9al (Qu\u00e9bec)\">\r\n        <div class=\"twocolcta__image__caption\">\r\n          <div id=\"caption294u2\" class=\"image-caption\">\r\n            Le Livmore, Montr\u00e9al (Qu\u00e9bec)\r\n          <\/div>\r\n        <\/div>\r\n\r\n      <\/div>\r\n      <div class=\"twocolcta__content  effect-fadein effect-fadein--delay\">\r\n        <p>\r\n          Nous sommes fiers des efforts que nous d\u00e9ployons pour offrir des espaces de <span class=\"_em\">haute qualit\u00e9<\/span>, <span class=\"_em\">confortables<\/span> et <span class=\"_em\">durables \u00e0 nos locataires<\/span>, \u00e0 nos r\u00e9sidants et \u00e0 notre personnel.\r\n        <\/p>\r\n        <div class=\"twocolcta__action\">\r\n          <a href=\"\/fr\/durabilite\/\">\r\n            <span class=\"btn btn--blue\">Durabilit\u00e9<\/span>\r\n          <\/a>\r\n        <\/div>\r\n\r\n      <\/div>\r\n\r\n    <\/div>\r\n  <\/div>\r\n  <div class=\"wrapper paddingtop\">\r\n    <img decoding=\"async\" src=\"\/wp-content\/themes\/worksdesign\/img\/2024\/home\/careers.jpg\" alt=\"\" class=\"size-large  effect-fadein\">\r\n  <\/div>\r\n\r\n\r\n  <div class=\"wrapper-content paddingtop\">\r\n    <div class=\"twocolcta effect-fadein twocolcta--button\">\r\n      <div class=\"twocolcta__content\">\r\n        <p>\r\n          Notre <span class=\"_em\">culture<\/span> est l\u2019expression de nos <span class=\"_em\">valeurs communes<\/span>. Elle cr\u00e9e un <span class=\"_em\">lien<\/span> entre les membres de l\u2019\u00e9quipe et une <span class=\"_em\">communaut\u00e9<\/span> de voix diverses o\u00f9 toutes les contributions sont valoris\u00e9es.\r\n        <\/p>\r\n      <\/div>\r\n      <div class=\"twocolcta__button effect-fadein\">\r\n        <a href=\"\/fr\/carrieres\/\">\r\n          <span class=\"btn btn--blue\">Carri\u00e8res<\/span>\r\n        <\/a>\r\n      <\/div>\r\n    <\/div>\r\n  <\/div>\r\n\r\n\r\n\r\n\r\n  <div class=\"wrapper-content paddingbottom paddingtop\">\r\n    <div class=\"video-slider imageslider js-imageslider effect-fadein\" data-image-sliding=\"0\">\r\n\r\n\r\n\r\n      <div class=\"imageslider__images\">\r\n\r\n\r\n        <div class=\"imageslider__image imageslider__image--active\">\r\n          <img decoding=\"async\" src=\"\/wp-content\/themes\/worksdesign\/img\/2024\/home\/video-1.jpg\" alt=\"\">\r\n\r\n        <\/div>\r\n        <div class=\"imageslider__image imageslider__image--hidden\">\r\n          <img decoding=\"async\" src=\"\/wp-content\/themes\/worksdesign\/img\/2024\/home\/video-2.jpg\" alt=\"\">\r\n        <\/div>\r\n        <div class=\"imageslider__image imageslider__image--hidden\">\r\n          <img decoding=\"async\" src=\"\/wp-content\/themes\/worksdesign\/img\/2024\/home\/video-3.jpg\" alt=\"\">\r\n        <\/div>\r\n\r\n\r\n\r\n      <\/div>\r\n\r\n\r\n\r\n      <div class=\"imageslider__infos\">\r\n\r\n        <div class=\"imageslider__info imageslider__info--active\" aria-hidden=\"false\">\r\n          <div class=\"careerhero\">\r\n\r\n            <div class=\"careerhero__bg\">\r\n\r\n              <div class=\"wrapper-content\">\r\n                <a class=\"careerhero__link js-overlay-open js-hash-video-play\" href=\"https:\/\/www.youtube.com\/embed\/CHcxR4vgKa0?autoplay=1\" aria-label=\"Voir la vid\u00e9o Monica Silva\" data-overlay-type=\"youtube\">\r\n                  <div class=\"careerhero__flex\">\r\n\r\n                    <div class=\"careerhero__play\">\r\n\r\n                      <span class=\"play-btn\">\r\n                        <span class=\"play-btn__icon\"><\/span>\r\n                        <span class=\"play-btn__label\">Play video<\/span>\r\n                      <\/span>\r\n\r\n                    <\/div>\r\n                  <\/div>\r\n                <\/a>\r\n              <\/div>\r\n\r\n\r\n\r\n            <\/div>\r\n\r\n          <\/div>\r\n        <\/div>\r\n        <div class=\"imageslider__info imageslider__info--hidden\" aria-hidden=\"true\">\r\n          <div class=\"careerhero\">\r\n\r\n            <div class=\"careerhero__bg\">\r\n\r\n              <div class=\"wrapper-content\">\r\n                <a class=\"careerhero__link js-overlay-open js-hash-video-play\" href=\"https:\/\/www.youtube.com\/embed\/vzOKDDnbD7A?autoplay=1\" aria-label=\"Voir la vid\u00e9o Krystian Imgrund\" data-overlay-type=\"youtube\">\r\n                  <div class=\"careerhero__flex\">\r\n\r\n                    <div class=\"careerhero__play\">\r\n\r\n                      <span class=\"play-btn\">\r\n                        <span class=\"play-btn__icon\"><\/span>\r\n                        <span class=\"play-btn__label\">Voir la vid\u00e9o<\/span>\r\n                      <\/span>\r\n\r\n                    <\/div>\r\n                  <\/div>\r\n                <\/a>\r\n              <\/div>\r\n\r\n\r\n\r\n            <\/div>\r\n\r\n          <\/div>\r\n        <\/div>\r\n        <div class=\"imageslider__info imageslider__info--hidden\" aria-hidden=\"true\">\r\n          <div class=\"careerhero\">\r\n\r\n            <div class=\"careerhero__bg\">\r\n\r\n              <div class=\"wrapper-content\">\r\n                <a class=\"careerhero__link js-overlay-open js-hash-video-play\" href=\"https:\/\/www.youtube.com\/embed\/Hi4i_tFF1wQ?autoplay=1\" aria-label=\"Voir la vid\u00e9o Devon Sloan\" data-overlay-type=\"youtube\">\r\n                  <div class=\"careerhero__flex\">\r\n\r\n                    <div class=\"careerhero__play\">\r\n\r\n                      <span class=\"play-btn\">\r\n                        <span class=\"play-btn__icon\"><\/span>\r\n                        <span class=\"play-btn__label\">Voir la vid\u00e9o<\/span>\r\n                      <\/span>\r\n\r\n                    <\/div>\r\n                  <\/div>\r\n                <\/a>\r\n              <\/div>\r\n\r\n\r\n\r\n            <\/div>\r\n\r\n          <\/div>\r\n        <\/div>\r\n       \r\n\r\n\r\n\r\n      <\/div>\r\n      <div class=\"wrapper-content\">\r\n        <nav class=\"imageslider__pagination\">\r\n          <div class=\"imageslider__indicators\"><\/div>\r\n          <span class=\"imageslider__previous js-imageslider-previous\" role=\"button\" title=\"Pr\u00e9c\u00e9dent\"><\/span>\r\n          <span class=\"imageslider__next js-imageslider-next\" role=\"button\" title=\"Suivante\"><\/span>\r\n        <\/nav>\r\n      <\/div>\r\n\r\n    <\/div>\r\n  <\/div>\r\n\r\n  <div class=\"wrapper\">\r\n\r\n    <div class=\"wrapper-content paddingbottom\">\r\n      <h2>La plus recent<\/h2>\r\n      <div class=\"latest\">\r\n        <div class=\"latest__item latest__item--news effect-fadein\">      <div class=\"postlist\">\n                     <div class=\"report postlist__item\">\n               <a href=\"\/fr\/post_news\/le-bureau-est-pret-pour-un-retour-en-2026\/\">\n                  <div class=\"postlist__header\">\n                     <div class=\"report__title postlist__title\">Le bureau est pr\u00eat pour un retour en 2026<\/div>\n                     <div class=\"report__date postlist__date\"><span>Nouvelles<\/span> \u2013\u00a08 avril 2026<\/div>\n\n\n\n                  <\/div>\n                  <div class=\"report__image postlist__image\">\n                     <img decoding=\"async\" class=\"\" src=\"\/wp-content\/uploads\/2026\/04\/BB-EP5-GEN_FR-1024x507.jpg\" alt=\"\" style=\"object-position: 0% 50%;\" \/>\n                  <\/div>\n                  <p class=\"report__excerpt postlist__excerpt\"><span class=\"report__more postlist__more\">En lire plus<\/span><\/p>\n               <\/a>\n            <\/div>\n               <\/div>\n   <\/div>\r\n        <div class=\"latest__item latest__item--research effect-fadein effect-fadein--delay\">      <div class=\"postlist\">\n                     <div class=\"report postlist__item\">\n               <a href=\"\/fr\/research_report\/les-employes-de-bureau-sont-de-retour-et-apprecient-les-locaux-mis-a-jour-le-sondage-de-conseillers-immobiliers-gwl-de-2024-sur-les-locataires-de-bureaux\/\">\n                  <div class=\"postlist__header\">\n                     <h3 class=\"report__title postlist__title\">Les employ\u00e9s de bureau sont de retour et appr\u00e9cient les locaux mis \u00e0 jour : Le sondage de Conseillers immobiliers GWL de 2024 sur les locataires de bureaux<\/h3>\n                     <div class=\"report__date postlist__date\"><span>Recherche<\/span> \u2013\u00a04 mars 2025<\/div>\n                  <\/div>\n                  <div class=\"report__image postlist__image\">\n                     <img decoding=\"async\" src=\"\/wp-content\/uploads\/2025\/02\/banner-1024x259.jpg\" alt=\"Image d&#039;une entr&eacute;e d&#039;un caf&eacute; d&#039;allure moderne\" \/>\n                  <\/div>\n                  <p class=\"report__excerpt postlist__excerpt\"><span class=\"report__more postlist__more\">En lire plus<\/span><\/p>\n               <\/a>\n            <\/div>\n               <\/div>\n   <\/div>\r\n\r\n        <div class=\"latest__item latest__item--report effect-fadein effect-fadein--delay2\">      <div class=\"annualreview\">\n                     <a href=\"\/wp-content\/uploads\/2026\/03\/GWLRA_AR_2025_FR.pdf\" target=\"_blank\" class=\"annualreview__flex\">\n               <div class=\"annualreview__header\">\n\n                  <div class=\"annualreview__cover\">\n                     <img decoding=\"async\" src=\"\/wp-content\/uploads\/2026\/03\/10113_GWLRA_AR_Thumbnail-1024x624.jpg\" alt=\"\" \/>\n                  <\/div>\n                  <div class=\"annualreview__headings\">\n                     <div class=\"annualreview__date\"><span>Rapports<\/span> \u2013\u00a030 mars 2026<\/div>\n                     <h3 class=\"annualreview__title\">Bilan annuel 2025<\/h3>\n                  <\/div>\n\n               <\/div>\n               <div href=\"\/wp-content\/uploads\/2026\/03\/GWLRA_AR_2025_FR.pdf\" target=\"_blank\" class=\"annualreview__more\">\n                  <span class=\"btn btn--black\">T\u00e9l\u00e9charger le PDF<\/span>\n               <\/div>\n            <\/a>\n\n\n\n         \n      <\/div>\n   <\/div>\r\n      <\/div>\r\n    <\/div>\r\n\r\n\r\n\r\n  <\/div>\r\n<\/section>\r\n<a class=\"sustainabiltiy-popup nohovertrans\" href=\"\/fr\/durabilite\/production-de-rapports\/\" target=\"_blank\">\r\n  <div class=\"wrapper-content\"><span class=\"sustainability-popup__label\">Lisez le Bilan annuel 2025 des Conseillers immobiliers GWL<\/span>\r\n    <span class=\"sustainability-popup__icon\"><\/span>\r\n  <\/div>\r\n\r\n<\/a>","protected":false},"excerpt":{"rendered":"Cr\u00e9er des collectivit\u00e9s exceptionnelles Pour aujourd\u2019hui et demain Visionner maintenant Nous croyons en la cr\u00e9ation de valeur par la construction de communaut\u00e9s durables qui interpellent, stimulent et inspirent. Nous y parvenons en respectant nos promesses, en nous soutenant les uns les autres ainsi que nos collectivit\u00e9s, et en accueillant favorablement la diversit\u00e9 des personnes et [&hellip;]","protected":false},"author":1,"featured_media":0,"parent":0,"menu_order":0,"comment_status":"closed","ping_status":"closed","template":"","meta":{"_acf_changed":false,"footnotes":""},"class_list":["post-7","page","type-page","status-publish","hentry"],"acf":[],"_links":{"self":[{"href":"https:\/\/www.gwlrealtyadvisors.com\/fr\/wp-json\/wp\/v2\/pages\/7","targetHints":{"allow":["GET"]}}],"collection":[{"href":"https:\/\/www.gwlrealtyadvisors.com\/fr\/wp-json\/wp\/v2\/pages"}],"about":[{"href":"https:\/\/www.gwlrealtyadvisors.com\/fr\/wp-json\/wp\/v2\/types\/page"}],"author":[{"embeddable":true,"href":"https:\/\/www.gwlrealtyadvisors.com\/fr\/wp-json\/wp\/v2\/users\/1"}],"replies":[{"embeddable":true,"href":"https:\/\/www.gwlrealtyadvisors.com\/fr\/wp-json\/wp\/v2\/comments?post=7"}],"version-history":[{"count":40,"href":"https:\/\/www.gwlrealtyadvisors.com\/fr\/wp-json\/wp\/v2\/pages\/7\/revisions"}],"predecessor-version":[{"id":11483,"href":"https:\/\/www.gwlrealtyadvisors.com\/fr\/wp-json\/wp\/v2\/pages\/7\/revisions\/11483"}],"wp:attachment":[{"href":"https:\/\/www.gwlrealtyadvisors.com\/fr\/wp-json\/wp\/v2\/media?parent=7"}],"curies":[{"name":"wp","href":"https:\/\/api.w.org\/{rel}","templated":true}]}}