{"id":8762,"date":"2024-05-30T11:51:13","date_gmt":"2024-05-30T15:51:13","guid":{"rendered":"https:\/\/www.gwlrealtyadvisors.com\/?page_id=8762"},"modified":"2024-09-09T14:36:54","modified_gmt":"2024-09-09T18:36:54","slug":"notre-approche-du-developpement-durable","status":"publish","type":"page","link":"https:\/\/www.gwlrealtyadvisors.com\/fr\/durabilite\/notre-approche-du-developpement-durable\/","title":{"rendered":"Notre approche du d\u00e9veloppement durable"},"content":{"rendered":"<div class=\"wrapper-content marginbottom margintop\">\r\n  <div class=\"introtext-small\">\r\n    <p>Notre approche du d\u00e9veloppement durable vise \u00e0 r\u00e9pondre \u00e0 la demande d\u2019immeubles plus intelligents, r\u00e9silients au changement climatique, plus sains et accessibles pour nos locataires et nos r\u00e9sidants. Nous souhaitons cr\u00e9er des espaces inclusifs o\u00f9 il est agr\u00e9able de vivre, tout en g\u00e9rant efficacement les portefeuilles de nos clients de mani\u00e8re \u00e0 soutenir la transition vers une \u00e9conomie \u00e0 faible \u00e9mission de carbone.<\/p>\r\n  <\/div>\r\n<\/div>\r\n<div class=\"wrapper-content marginbottom\">\r\n  <h2>Int\u00e9gration du d\u00e9veloppement durable<\/h2>\r\n  <p>Nous continuons \u00e0 faire \u00e9voluer et \u00e0 approfondir notre approche de l\u2019int\u00e9gration des principes de d\u00e9veloppement durable dans les diff\u00e9rents aspects de nos activit\u00e9s \u2014 de nos valeurs et strat\u00e9gies \u00e0 nos processus de base en tant que soci\u00e9t\u00e9 de conseillers immobiliers verticalement int\u00e9gr\u00e9e. Notre cadre de d\u00e9veloppement durable refl\u00e8te nos cinq piliers qui soutiennent nos ambitions commerciales et soci\u00e9tales, que nous avons harmonis\u00e9es avec les objectifs de d\u00e9veloppement durable de l\u2019Organisation des Nations Unies (ODD de l\u2019ONU).<\/p>\r\n  <div class=\"sdghover\">\r\n    <div class=\"sdghover__item nohovertrans\" data-sdg=\"10\" role=\"button\">\r\n      <div class=\"sdghover__bg\"><img decoding=\"async\" src=\"\/wp-content\/themes\/worksdesign\/img\/sustainability\/2024\/our-approach\/sdg-bg-10.jpg\" alt=\"\" \/><\/div>\r\n      <div class=\"sdghover__icon\"><img decoding=\"async\" src=\"\/wp-content\/themes\/worksdesign\/img\/sustainability\/2024\/icon\/sdg\/F-WEB-Goal-10.png\" alt=\"SDG 10&nbsp;- In\u00e9galit\u00e9s r\u00e9duites\" \/><\/div>\r\n      <div class=\"sdghover__text\">\r\n        <p>Nous nous effor\u00e7ons de faire de l\u2019\u00e9quit\u00e9, de la diversit\u00e9 et de l\u2019inclusion une partie de notre proposition de valeur concernant la mani\u00e8re dont nous attirons les talents, dont nous offrons une exp\u00e9rience exceptionnelle aux locataires et dont nous contribuons \u00e0 renforcer les communaut\u00e9s viables.<\/p>\r\n      <\/div>\r\n    <\/div>\r\n    <div class=\"sdghover__item nohovertrans\" data-sdg=\"11\" role=\"button\">\r\n      <div class=\"sdghover__bg\"><img decoding=\"async\" src=\"\/wp-content\/themes\/worksdesign\/img\/sustainability\/2024\/our-approach\/sdg-bg-11.jpg\" alt=\"\" \/><\/div>\r\n      <div class=\"sdghover__icon\"><img decoding=\"async\" src=\"\/wp-content\/themes\/worksdesign\/img\/sustainability\/2024\/icon\/sdg\/F-WEB-Goal-11.png\" alt=\"SDG 11&nbsp;- Villes et communaut\u00e9s durables\" \/><\/div>\r\n      <div class=\"sdghover__text\">\r\n        <p>Nous continuons d\u2019am\u00e9nager les immeubles de nos clients d\u2019une mani\u00e8re qui favorise les collectivit\u00e9s s\u00e9curitaires, inclusives et durables.<\/p>\r\n      <\/div>\r\n    <\/div>\r\n    <div class=\"sdghover__item nohovertrans\" data-sdg=\"12\" role=\"button\">\r\n      <div class=\"sdghover__bg\"><img decoding=\"async\" src=\"\/wp-content\/themes\/worksdesign\/img\/sustainability\/2024\/our-approach\/sdg-bg-12.jpg\" alt=\"\" \/><\/div>\r\n      <div class=\"sdghover__icon\"><img decoding=\"async\" src=\"\/wp-content\/themes\/worksdesign\/img\/sustainability\/2024\/icon\/sdg\/F-WEB-Goal-12.png\" alt=\"SDG 12&nbsp;- Consommation et production responsables\" \/><\/div>\r\n      <div class=\"sdghover__text\">\r\n        <p>Nous nous employons \u00e0 pr\u00e9server les ressources naturelles en am\u00e9liorant l\u2019efficacit\u00e9 op\u00e9rationnelle, en r\u00e9duisant la consommation d\u2019\u00e9nergie, de mat\u00e9riaux et d\u2019eau, et en encourageant l\u2019utilisation de mat\u00e9riaux durables dans le cadre de nos processus d\u2019approvisionnement.<\/p>\r\n      <\/div>\r\n    <\/div>\r\n    <div class=\"sdghover__item nohovertrans\" data-sdg=\"13\" role=\"button\">\r\n      <div class=\"sdghover__bg\"><img decoding=\"async\" src=\"\/wp-content\/themes\/worksdesign\/img\/sustainability\/2024\/our-approach\/sdg-bg-13.jpg\" alt=\"\" \/><\/div>\r\n      <div class=\"sdghover__icon\"><img decoding=\"async\" src=\"\/wp-content\/themes\/worksdesign\/img\/sustainability\/2024\/icon\/sdg\/F-WEB-Goal-13.png\" alt=\"SDG 13&nbsp;- Mesures relatives \u00e0 la lutte contre les changements climatiques\" \/><\/div>\r\n      <div class=\"sdghover__text\">\r\n        <p>Nous r\u00e9duisons l\u2019intensit\u00e9 carbone des actifs que nous g\u00e9rons et nous travaillons pour que les actifs r\u00e9sistent ou s\u2019adaptent aux al\u00e9as climatiques et aux catastrophes naturelles.<\/p>\r\n      <\/div>\r\n    <\/div>\r\n    <div class=\"sdghover__item nohovertrans\" data-sdg=\"16\" role=\"button\">\r\n      <div class=\"sdghover__bg\"><img decoding=\"async\" src=\"\/wp-content\/themes\/worksdesign\/img\/sustainability\/2024\/our-approach\/sdg-bg-16.jpg\" alt=\"\" \/><\/div>\r\n      <div class=\"sdghover__icon\"><img decoding=\"async\" src=\"\/wp-content\/themes\/worksdesign\/img\/sustainability\/2024\/icon\/sdg\/F-WEB-Goal-16.png\" alt=\"SDG 10&nbsp;- Paix, justice et institutions efficaces\" \/><\/div>\r\n      <div class=\"sdghover__text\">\r\n        <p>Nous adh\u00e9rons aux normes \u00e9thiques et juridiques de notre soci\u00e9t\u00e9 m\u00e8re; nous g\u00e9rons les risques et int\u00e9grons notre culture fond\u00e9e sur les valeurs dans nos processus d\u00e9cisionnels quotidiens.<\/p>\r\n      <\/div>\r\n    <\/div>\r\n\r\n    <div class=\"sdghover__item nohovertrans\" data-sdg=\"logo\">\r\n      <div class=\"sdghover__img\"><img decoding=\"async\" src=\"\/wp-content\/themes\/worksdesign\/img\/sustainability\/2024\/icon\/sdg\/logo-fr.png\" alt=\"SDG logo\" \/><\/div>\r\n    <\/div>\r\n\r\n  <\/div>\r\n<\/div>\r\n<div class=\"wrapper-grey\">\r\n  <h2>\u00c9tablir les priorit\u00e9s claires<\/h2>\r\n  <p>Conform\u00e9ment aux normes internationales de d\u00e9veloppement durable, nous avons proc\u00e9d\u00e9 \u00e0 un exercice d\u2019actualisation des priorit\u00e9s en nous appuyant sur les principes de la double importance relative, afin d\u2019identifier les th\u00e8mes ayant le plus d\u2019impact sur nos activit\u00e9s et la soci\u00e9t\u00e9. Nous avons suivi un processus en quatre \u00e9tapes :<\/p>\r\n  <div class=\"gridlist gridlist--priorties margintop\">\r\n    <div class=\"gridlist__item\">\r\n      <div class=\"gridlist__count\">1<\/div>\r\n      <div class=\"gridlist__content\">\r\n        <h3>Comprendre le contexte organisationnel<\/h3>\r\n      <\/div>\r\n    <\/div>\r\n    <div class=\"gridlist__item\">\r\n      <div class=\"gridlist__count\">2<\/div>\r\n      <div class=\"gridlist__content\">\r\n        <h3>D\u00e9terminer les impacts<\/h3>\r\n      <\/div>\r\n    <\/div>\r\n    <div class=\"gridlist__item\">\r\n      <div class=\"gridlist__count\">3<\/div>\r\n      <div class=\"gridlist__content\">\r\n        <h3>\u00c9valuer l\u2019importance des impacts<\/h3>\r\n      <\/div>\r\n    <\/div>\r\n    <div class=\"gridlist__item\">\r\n      <div class=\"gridlist__count\">4<\/div>\r\n      <div class=\"gridlist__content\">\r\n        <h3>Classer les impacts par ordre de priorit\u00e9<\/h3>\r\n      <\/div>\r\n    <\/div>\r\n  <\/div>\r\n  <div class=\"margintop\">\r\n    <h3 class=\"h3alt\">Matrice des priorit\u00e9s<\/h3>\r\n    <p>Nous avons repr\u00e9sent\u00e9 les th\u00e8mes prioritaires sur une matrice, en soulignant leur position relative par rapport \u00e0 l\u2019impact sur nos activit\u00e9s et sur la soci\u00e9t\u00e9. Ces th\u00e8mes ont \u00e9t\u00e9 mis en correspondance avec nos cinq piliers strat\u00e9giques, qui sont harmonis\u00e9s avec nos objectifs et priorit\u00e9s strat\u00e9giques.<\/p>\r\n    <p>&nbsp;<\/p>\r\n  <\/div>\r\n  <div class=\"matrix-image\">\r\n    <img decoding=\"async\" src=\"\/wp-content\/themes\/worksdesign\/img\/2024\/sustainability\/GWLRA_2024_Priority_Matrix_FR.png\" alt=\"\">\r\n    <div class=\"matrix-image__notes\">\r\n      <p><sup>1<\/sup> EDI (\u00c9quit\u00e9, diversit\u00e9 et inclusion)<\/p>\r\n      <p><sup>2<\/sup> EHST (Environnement, hygi\u00e8ne et s\u00e9curit\u00e9 au travail)<\/p>\r\n    <\/div>\r\n  <\/div>\r\n<\/div>\r\n<div class=\"wrapper-content marginbottom margintop\">\r\n  <h2>Engagement des parties prenantes<\/h2>\r\n  <p>Notre m\u00e9tier consiste \u00e0 g\u00e9rer les risques et les occasions d\u2019investissement. Notre r\u00f4le dans la r\u00e9solution des enjeux auxquels sont confront\u00e9s l\u2019environnement et la soci\u00e9t\u00e9 consiste \u00e0 prot\u00e9ger et \u00e0 faire progresser les int\u00e9r\u00eats de nos clients, de nos d\u00e9tenteurs de polices, de nos actionnaires et des autres parties prenantes.<\/p>\r\n  <div class=\"equalflex margintop\">\r\n    <div class=\"equalflex__item\"><img decoding=\"async\" src=\"\/wp-content\/themes\/worksdesign\/img\/sustainability\/2024\/our-approach\/stakeholder-1.jpg\" alt=\"\" class=\"size-full\" \/> <br \/>\r\n      <br \/>\r\n      <h3 class=\"h3alt\">Processus d\u2019interaction<\/h3>\r\n      <p>L\u2019interaction avec nos parties prenantes fait partie de la fa\u00e7on dont nous instaurons la confiance. Nous le faisons dans le cours normal de nos activit\u00e9s, par le biais d\u2019interactions quotidiennes avec nos clients, locataires, tiers, employ\u00e9s et autres partenaires, et par le biais d\u2019activit\u00e9s plus formelles et structur\u00e9es, notamment lors de l\u2019approbation de projets d\u2019am\u00e9nagement, d\u2019interactions avec les locataires et de repr\u00e9sentation aupr\u00e8s de diverses associations professionnelles.<\/p>\r\n    <\/div>\r\n    <div class=\"equalflex__item\"><img decoding=\"async\" src=\"\/wp-content\/themes\/worksdesign\/img\/sustainability\/2024\/our-approach\/stakeholder-2.jpg\" alt=\"\" class=\"size-full\" \/> <br \/>\r\n      <br \/>\r\n      <h3 class=\"h3alt\">Faire part de ses pr\u00e9occupations<\/h3>\r\n      <p>Nous avons mis en place des m\u00e9canismes formels permettant aux parties prenantes de communiquer avec nous au sujet de questions d\u2019int\u00e9r\u00eat mutuel. Outre les coordonn\u00e9es figurant sur notre site Web, les parties prenantes peuvent faire part de leurs pr\u00e9occupations par l\u2019interm\u00e9diaire de notre service juridique et de conformit\u00e9. Nous disposons d\u2019une politique et de lignes directrices en mati\u00e8re de d\u00e9nonciation et prenons au s\u00e9rieux toutes les pr\u00e9occupations soulev\u00e9es, en respectant la confidentialit\u00e9 dans la mesure du possible.<\/p>\r\n    <\/div>\r\n  <\/div>\r\n<\/div>\r\n<div class=\"wrapper-content marginbottom\">\r\n  <h3 class=\"h3alt\">Comment interagissons-nous avec nos parties prenantes?<\/h3>\r\n  <div class=\"stakeholder-graph stakeholder-graph__expanders\">\r\n    <div class=\"stakeholder-graph__box stakeholder-graph__expander js-stakeholders-expander-toggle\" aria-expanded=\"false\" role=\"button\">\r\n      <div class=\"stakeholder-graph__expander__front\">\r\n        <h3>Soci\u00e9t\u00e9 m\u00e8re<\/h3>\r\n      <\/div>\r\n      <div class=\"stakeholder-graph__expander__back stakeholder-graph__expander__back--hidden\" aria-hidden=\"true\">\r\n        <h3>Soci\u00e9t\u00e9 m\u00e8re<\/h3>\r\n        <p>Nous interagissons activement avec notre soci\u00e9t\u00e9 m\u00e8re, Canada-Vie, une filiale de la Great-West Lifeco, par le biais de divers m\u00e9canismes de gouvernance. Nos interactions avec la soci\u00e9t\u00e9 m\u00e8re se font par le biais de notre participation aux conseils de d\u00e9veloppement durable, aux comit\u00e9s d\u2019investissement et aux r\u00e9unions de la direction sur la gestion des risques et la conformit\u00e9. Nous abordons une vaste gamme de sujets li\u00e9s aux strat\u00e9gies, aux risques et aux occasions, aux indicateurs et aux objectifs, ainsi qu\u2019au rendement.<\/p>\r\n        <div class=\"stakeholder-graph__expander__close\"><span>Fermer <i class=\"fa fa-times\" aria-hidden=\"true\"><\/i><\/span><\/div>\r\n      <\/div>\r\n    <\/div>\r\n    <div class=\"stakeholder-graph__box stakeholder-graph__expander js-stakeholders-expander-toggle\" aria-expanded=\"false\" role=\"button\">\r\n      <div class=\"stakeholder-graph__expander__front\">\r\n        <h3>Clients<\/h3>\r\n      <\/div>\r\n      <div class=\"stakeholder-graph__expander__back stakeholder-graph__expander__back--hidden\" aria-hidden=\"true\">\r\n        <h3>Clients<\/h3>\r\n        <p>Nous interagissons activement avec nos clients, qui comprennent g\u00e9n\u00e9ralement des caisses de retraite et des investisseurs institutionnels et investisseurs particuliers. Notre interaction prend la forme de r\u00e9unions r\u00e9guli\u00e8res de planification des activit\u00e9s afin de fournir des comptes rendus sur les investissements, de partager des id\u00e9es sur les \u00e9tudes de recherche de l\u2019industrie et de communiquer le rendement en mati\u00e8re de d\u00e9veloppement durable de leurs actifs g\u00e9r\u00e9s respectifs.<\/p>\r\n        <div class=\"stakeholder-graph__expander__close\"><span>Fermer <i class=\"fa fa-times\" aria-hidden=\"true\"><\/i><\/span><\/div>\r\n      <\/div>\r\n    <\/div>\r\n    <div class=\"stakeholder-graph__box stakeholder-graph__expander js-stakeholders-expander-toggle\" aria-expanded=\"false\" role=\"button\">\r\n      <div class=\"stakeholder-graph__expander__front\">\r\n        <h3>Locataires et r\u00e9sidants<\/h3>\r\n      <\/div>\r\n      <div class=\"stakeholder-graph__expander__back stakeholder-graph__expander__back--hidden\" aria-hidden=\"true\">\r\n        <h3>Locataires et r\u00e9sidants<\/h3>\r\n        <p>Nous interagissons avec les locataires et les r\u00e9sidants de nos immeubles de bureaux, industriels, de commerce de d\u00e9tail et multir\u00e9sidentiels, par le biais de divers processus. Il s\u2019agit notamment de discussions sur la location, de communications sur la gestion immobili\u00e8re et d\u2019\u00e9v\u00e9nements organis\u00e9s \u00e0 l\u2019intention des locataires et des r\u00e9sidants, notamment des s\u00e9ances de sensibilisation au d\u00e9veloppement durable, telles que les c\u00e9l\u00e9brations du Jour de la Terre. Nous menons \u00e9galement des sondages r\u00e9guliers sur la satisfaction des locataires et des r\u00e9sidants, que nous utilisons pour \u00e9clairer l\u2019\u00e9laboration de nos programmes d\u2019exp\u00e9rience des locataires.<\/p>\r\n        <div class=\"stakeholder-graph__expander__close\"><span>Fermer <i class=\"fa fa-times\" aria-hidden=\"true\"><\/i><\/span><\/div>\r\n      <\/div>\r\n    <\/div>\r\n    <div class=\"stakeholder-graph__box stakeholder-graph__expander js-stakeholders-expander-toggle\" aria-expanded=\"false\" role=\"button\">\r\n      <div class=\"stakeholder-graph__expander__front\">\r\n        <h3>Employ\u00e9s<\/h3>\r\n      <\/div>\r\n      <div class=\"stakeholder-graph__expander__back stakeholder-graph__expander__back--hidden\" aria-hidden=\"true\">\r\n        <h3>Employ\u00e9s<\/h3>\r\n        <p>Notre interaction avec nos employ\u00e9s est sur une base continue. Nous interagissons r\u00e9guli\u00e8rement avec eux par le biais de s\u00e9ances d\u2019information de la direction, de formation et de perfectionnement des comp\u00e9tences, de programmes de b\u00e9n\u00e9volat communautaire, de commentaires au travail et d\u2019\u00e9valuations annuelles du rendement. Tous les trois ans, nous menons un sondage d\u2019opinion complet aupr\u00e8s de nos employ\u00e9s, afin de conna\u00eetre leur point de vue sur notre entreprise, de savoir si nous atteignons nos objectifs en tant qu\u2019employeur de choix et de conna\u00eetre leur degr\u00e9 de motivation.<\/p>\r\n        <div class=\"stakeholder-graph__expander__close\"><span>Fermer <i class=\"fa fa-times\" aria-hidden=\"true\"><\/i><\/span><\/div>\r\n      <\/div>\r\n    <\/div>\r\n    <div class=\"stakeholder-graph__box stakeholder-graph__expander js-stakeholders-expander-toggle\" aria-expanded=\"false\" role=\"button\">\r\n      <div class=\"stakeholder-graph__expander__front\">\r\n        <h3>Gouvernements<\/h3>\r\n      <\/div>\r\n      <div class=\"stakeholder-graph__expander__back stakeholder-graph__expander__back--hidden\" aria-hidden=\"true\">\r\n        <h3>Gouvernements<\/h3>\r\n        <p>Nous interagissons avec des autorit\u00e9s de r\u00e9glementation et des d\u00e9cideurs politiques de mani\u00e8re formelle et informelle, en r\u00e9pondant aux consultations et aux demandes de renseignements et en participant aux d\u00e9p\u00f4ts et examens r\u00e9glementaires. Nous interagissons aussi directement avec les autorit\u00e9s de r\u00e9glementation par le biais des approbations des permis de projets d\u2019am\u00e9nagement.<\/p>\r\n        <div class=\"stakeholder-graph__expander__close\"><span>Fermer <i class=\"fa fa-times\" aria-hidden=\"true\"><\/i><\/span><\/div>\r\n      <\/div>\r\n    <\/div>\r\n    <div class=\"stakeholder-graph__box stakeholder-graph__expander js-stakeholders-expander-toggle\" aria-expanded=\"false\" role=\"button\">\r\n      <div class=\"stakeholder-graph__expander__front\">\r\n        <h3>Fournisseurs et sous-traitants<\/h3>\r\n      <\/div>\r\n      <div class=\"stakeholder-graph__expander__back stakeholder-graph__expander__back--hidden\" aria-hidden=\"true\">\r\n        <h3>Fournisseurs et sous-traitants<\/h3>\r\n        <p>Nous interagissons avec les fournisseurs et les sous-traitants dans le cadre de r\u00e9unions de projet, d\u2019interactions lors de visites de sites, d\u2019\u00e9v\u00e9nements organis\u00e9s par les fournisseurs et de r\u00e9unions d\u2019information sur le rendement du projet. Nous interagissons \u00e9galement dans le cadre des processus de demande d\u2019information et de demande de propositions. Lors de ces interactions, nous obtenons de l\u2019information sur des produits et des services plus durables et nous encourageons leur utilisation.<\/p>\r\n        <div class=\"stakeholder-graph__expander__close\"><span>Fermer <i class=\"fa fa-times\" aria-hidden=\"true\"><\/i><\/span><\/div>\r\n      <\/div>\r\n    <\/div>\r\n    <div class=\"stakeholder-graph__box stakeholder-graph__expander js-stakeholders-expander-toggle\" aria-expanded=\"false\" role=\"button\">\r\n      <div class=\"stakeholder-graph__expander__front\">\r\n        <h3>Associations professionnelles<\/h3>\r\n      <\/div>\r\n      <div class=\"stakeholder-graph__expander__back stakeholder-graph__expander__back--hidden\" aria-hidden=\"true\">\r\n        <h3>Associations professionnelles<\/h3>\r\n        <p>Nous interagissons directement et indirectement avec des organismes de l\u2019industrie et d\u2019associations professionnelles par le biais de forums des membres, de groupes de travail et de s\u00e9minaires. Nous sommes membres d\u2019associations du secteur immobilier comme REALPAC, NAIOP, ULI et BOMA. Nous interagissons \u00e9galement sur des sujets pr\u00e9cis, notamment les immeubles verts par l\u2019interm\u00e9diaire du CBDCa, des partenariats de services de s\u00e9curit\u00e9 tels que le Commercial Real Estate Financial District Security Group et PATHComm, et de divers partenariats d\u2019\u00e9quit\u00e9, de diversit\u00e9 et d\u2019inclusion tels que Commercial Real Estate Women (CREW) et le Conseil de diversit\u00e9, \u00e9quit\u00e9 et inclusion de BOMA.<\/p>\r\n        <div class=\"stakeholder-graph__expander__close\"><span>Fermer <i class=\"fa fa-times\" aria-hidden=\"true\"><\/i><\/span><\/div>\r\n      <\/div>\r\n    <\/div>\r\n    <div class=\"stakeholder-graph__box stakeholder-graph__expander js-stakeholders-expander-toggle\" aria-expanded=\"false\" role=\"button\">\r\n      <div class=\"stakeholder-graph__expander__front\">\r\n        <h3>Milieu universitaire<\/h3>\r\n      <\/div>\r\n      <div class=\"stakeholder-graph__expander__back stakeholder-graph__expander__back--hidden\" aria-hidden=\"true\">\r\n        <h3>Milieu universitaire<\/h3>\r\n        <p>Notre action dans le milieu universitaire se traduit par notre participation \u00e0 des stages, \u00e0 des salons de l\u2019emploi, \u00e0 des pr\u00e9sentations lors de congr\u00e8s et par notre participation dans des groupes de recherche tels que l\u2019Urban Land Institute.<\/p>\r\n        <div class=\"stakeholder-graph__expander__close\"><span>Fermer <i class=\"fa fa-times\" aria-hidden=\"true\"><\/i><\/span><\/div>\r\n      <\/div>\r\n    <\/div>\r\n    <div class=\"stakeholder-graph__box stakeholder-graph__expander js-stakeholders-expander-toggle\" aria-expanded=\"false\" role=\"button\">\r\n      <div class=\"stakeholder-graph__expander__front\">\r\n        <h3>Communaut\u00e9s<\/h3>\r\n      <\/div>\r\n      <div class=\"stakeholder-graph__expander__back stakeholder-graph__expander__back--hidden\" aria-hidden=\"true\">\r\n        <h3>Communaut\u00e9s<\/h3>\r\n        <p>L\u2019immobilier a un impact tangible sur les communaut\u00e9s. Les assembl\u00e9es communautaires fournissent des donn\u00e9es pr\u00e9cieuses sur les questions et pr\u00e9occupations sociales et environnementales locales. Les points de vue des intervenants sont int\u00e9gr\u00e9s dans notre cadre de planification, de conception et de construction. Nous travaillons souvent en collaboration avec nos partenaires communautaires pour r\u00e9pondre \u00e0 des pr\u00e9occupations pr\u00e9cises. L\u2019information \u00e0 jour sur les projets est diffus\u00e9e publiquement sur des sites Web immobiliers, par des lettres et d\u2019autres m\u00e9dias.<\/p>\r\n        <div class=\"stakeholder-graph__expander__close\"><span>Fermer <i class=\"fa fa-times\" aria-hidden=\"true\"><\/i><\/span><\/div>\r\n      <\/div>\r\n    <\/div>\r\n  <\/div>\r\n<\/div>\r\n<div class=\"wrapper-content marginbottom\">\r\n  <p>Nous interagissons activement avec des organismes communautaires par le biais de partenariats et de parrainages, notamment avec Habitat pour l\u2019humanit\u00e9, afin d\u2019aborder les questions soci\u00e9tales et environnementales li\u00e9es aux actifs immobiliers durables.<\/p>\r\n<\/div>","protected":false},"excerpt":{"rendered":"Notre approche du d\u00e9veloppement durable vise \u00e0 r\u00e9pondre \u00e0 la demande d\u2019immeubles plus intelligents, r\u00e9silients au changement climatique, plus sains et accessibles pour nos locataires et nos r\u00e9sidants. Nous souhaitons cr\u00e9er des espaces inclusifs o\u00f9 il est agr\u00e9able de vivre, tout en g\u00e9rant efficacement les portefeuilles de nos clients de mani\u00e8re \u00e0 soutenir la transition [&hellip;]","protected":false},"author":1,"featured_media":0,"parent":2468,"menu_order":0,"comment_status":"closed","ping_status":"closed","template":"page-template\/sustainability-subpage.php","meta":{"_acf_changed":false,"footnotes":""},"class_list":["post-8762","page","type-page","status-publish","hentry"],"acf":[],"_links":{"self":[{"href":"https:\/\/www.gwlrealtyadvisors.com\/fr\/wp-json\/wp\/v2\/pages\/8762","targetHints":{"allow":["GET"]}}],"collection":[{"href":"https:\/\/www.gwlrealtyadvisors.com\/fr\/wp-json\/wp\/v2\/pages"}],"about":[{"href":"https:\/\/www.gwlrealtyadvisors.com\/fr\/wp-json\/wp\/v2\/types\/page"}],"author":[{"embeddable":true,"href":"https:\/\/www.gwlrealtyadvisors.com\/fr\/wp-json\/wp\/v2\/users\/1"}],"replies":[{"embeddable":true,"href":"https:\/\/www.gwlrealtyadvisors.com\/fr\/wp-json\/wp\/v2\/comments?post=8762"}],"version-history":[{"count":7,"href":"https:\/\/www.gwlrealtyadvisors.com\/fr\/wp-json\/wp\/v2\/pages\/8762\/revisions"}],"predecessor-version":[{"id":9093,"href":"https:\/\/www.gwlrealtyadvisors.com\/fr\/wp-json\/wp\/v2\/pages\/8762\/revisions\/9093"}],"up":[{"embeddable":true,"href":"https:\/\/www.gwlrealtyadvisors.com\/fr\/wp-json\/wp\/v2\/pages\/2468"}],"wp:attachment":[{"href":"https:\/\/www.gwlrealtyadvisors.com\/fr\/wp-json\/wp\/v2\/media?parent=8762"}],"curies":[{"name":"wp","href":"https:\/\/api.w.org\/{rel}","templated":true}]}}