{"id":8768,"date":"2024-05-30T11:53:39","date_gmt":"2024-05-30T15:53:39","guid":{"rendered":"https:\/\/www.gwlrealtyadvisors.com\/?page_id=8768"},"modified":"2025-03-05T16:56:20","modified_gmt":"2025-03-05T21:56:20","slug":"production-de-rapports","status":"publish","type":"page","link":"https:\/\/www.gwlrealtyadvisors.com\/fr\/durabilite\/production-de-rapports\/","title":{"rendered":"Production de rapports"},"content":{"rendered":"<div class=\"marginbottom\">\r\n<h2>Informations sur le d\u00e9veloppement durable<\/h2>\r\n<p>Nous rendons compte de nos performances commerciales par l\u2019entremise de notre bilan annuel et des rapports des fonds de placement immobilier, lesquels comprennent des renseignements pertinents sur le d\u00e9veloppement durable, ainsi que de divers suppl\u00e9ments de donn\u00e9es et indices refl\u00e9tant notre respect des normes internationales en mati\u00e8re de d\u00e9veloppement durable.<\/p>\r\n<\/div>","protected":false},"excerpt":{"rendered":"Informations sur le d\u00e9veloppement durable Nous rendons compte de nos performances commerciales par l\u2019entremise de notre bilan annuel et des rapports des fonds de placement immobilier, lesquels comprennent des renseignements pertinents sur le d\u00e9veloppement durable, ainsi que de divers suppl\u00e9ments de donn\u00e9es et indices refl\u00e9tant notre respect des normes internationales en mati\u00e8re de d\u00e9veloppement durable.","protected":false},"author":1,"featured_media":0,"parent":2468,"menu_order":0,"comment_status":"closed","ping_status":"closed","template":"page-template\/sustainability-reporting.php","meta":{"_acf_changed":false,"footnotes":""},"class_list":["post-8768","page","type-page","status-publish","hentry"],"acf":[],"_links":{"self":[{"href":"https:\/\/www.gwlrealtyadvisors.com\/fr\/wp-json\/wp\/v2\/pages\/8768","targetHints":{"allow":["GET"]}}],"collection":[{"href":"https:\/\/www.gwlrealtyadvisors.com\/fr\/wp-json\/wp\/v2\/pages"}],"about":[{"href":"https:\/\/www.gwlrealtyadvisors.com\/fr\/wp-json\/wp\/v2\/types\/page"}],"author":[{"embeddable":true,"href":"https:\/\/www.gwlrealtyadvisors.com\/fr\/wp-json\/wp\/v2\/users\/1"}],"replies":[{"embeddable":true,"href":"https:\/\/www.gwlrealtyadvisors.com\/fr\/wp-json\/wp\/v2\/comments?post=8768"}],"version-history":[{"count":7,"href":"https:\/\/www.gwlrealtyadvisors.com\/fr\/wp-json\/wp\/v2\/pages\/8768\/revisions"}],"predecessor-version":[{"id":9708,"href":"https:\/\/www.gwlrealtyadvisors.com\/fr\/wp-json\/wp\/v2\/pages\/8768\/revisions\/9708"}],"up":[{"embeddable":true,"href":"https:\/\/www.gwlrealtyadvisors.com\/fr\/wp-json\/wp\/v2\/pages\/2468"}],"wp:attachment":[{"href":"https:\/\/www.gwlrealtyadvisors.com\/fr\/wp-json\/wp\/v2\/media?parent=8768"}],"curies":[{"name":"wp","href":"https:\/\/api.w.org\/{rel}","templated":true}]}}